
{"id":748,"date":"2014-11-24T08:26:26","date_gmt":"2014-11-24T08:26:26","guid":{"rendered":"http:\/\/www.willapi.biz\/?page_id=748"},"modified":"2020-12-22T08:17:07","modified_gmt":"2020-12-22T08:17:07","slug":"obligations-de-lapiculteur","status":"publish","type":"page","link":"https:\/\/www.willapi.biz\/?page_id=748","title":{"rendered":"Obligations de l&rsquo;apiculteur"},"content":{"rendered":"<p><strong><span style=\"text-decoration: underline;\">D\u00e9claration de rucher:<\/span><\/strong><\/p>\n<p><\/p>\n<p>La d\u00e9claration de ruchers est obligatoire.<br \/>\nTout apiculteur est tenu de d\u00e9clarer, au mois de d\u00e9cembre de chaque ann\u00e9e, les ruches dont il est propri\u00e9taire ou d\u00e9tenteur, en pr\u00e9cisant leur nombre et leurs emplacements, au Directeur des Services V\u00e9t\u00e9rinaires du d\u00e9partement de son domicile.<br \/>Tout changement d\u2019emplacement et tout nouveau rucher doit \u00eatre d\u00e9clar\u00e9 dans un d\u00e9lai d\u2019un mois.<\/p>\n<p> <a href=\"http:\/\/mesdemarches.agriculture.gouv.fr\/demarches\/particulier\/effectuer-une-declaration-55\/article\/declarer-des-ruches\" target=\"_blank\" rel=\"noopener\">La proc\u00e9dure est d\u00e9crite ici<\/a><\/p>\n<p>Chaque exploitation d\u00e9clar\u00e9e re\u00e7oit, \u00e0 titre permanent, un num\u00e9ro d\u2019immatriculation, compos\u00e9 de six chiffres, dont les deux premiers reproduisent le num\u00e9ro min\u00e9ralogique du d\u00e9partement, les quatre autres, de 0001 \u00e0 9999, composant le num\u00e9ro d\u2019identification du rucher.<br \/>Le num\u00e9ro d\u2019immatriculation est port\u00e9 sur le r\u00e9c\u00e9piss\u00e9 de la d\u00e9claration.<br \/>Il doit \u00eatre reproduit en caract\u00e8res apparents et ind\u00e9l\u00e9biles, d\u2019au moins huit centim\u00e8tres de hauteur et de cinq centim\u00e8tres de largeur, en m\u00e9nageant une s\u00e9paration par un tiret d\u2019un centim\u00e8tre entre les deux groupes de chiffres, sur au moins 10% des ruches ou sur un panneau plac\u00e9 \u00e0 proximit\u00e9 du rucher.Toutefois, lorsque l\u2019identification est port\u00e9e sur chaque ruche, la hauteur des lettres peut \u00eatre limit\u00e9e \u00e0 trois centim\u00e8tres.<\/p>\n<p><\/p>\n<p><strong><span style=\"text-decoration: underline;\">Obligation de tenue d&rsquo;un registre d&rsquo;\u00e9levage:<\/span><\/strong><\/p>\n<p><\/p>\n<p><a title=\"L'article\" href=\"http:\/\/www.apivet.eu\/registredlevage.html\" target=\"_blank\" rel=\"noopener\"><span>L&rsquo;article 253 II du code rural fix\u00e9 par l&rsquo;arr\u00eat\u00e9 du 5 juin 2000<\/span><\/a>, publi\u00e9 au Journal officiel N\u00b0 146 du 25 juin 2000 page 9613, nous informe que la tenue d&rsquo;un registre d&rsquo;\u00e9levage apicole est une obligation pour tout apiculteur \u00e0 partir du moment o\u00f9 il commercialise du miel de la production de ses ruches, quelque soit la quantit\u00e9 vendue. Il doit \u00eatre conserv\u00e9 au moins 5 ans. Le registre comporte l&rsquo;identit\u00e9 et les coordonn\u00e9es de l&rsquo;apiculteur, les interventions qu&rsquo;il a effectu\u00e9 aupr\u00e8s de chaque ruche (par exemple s&rsquo;il lui a \u00e9t\u00e9 n\u00e9cessaire d&rsquo;utiliser un traitement m\u00e9dicamenteux pour soigner une maladie dans son rucher&#8230; et c )\n<\/p>\n<p>\n<p><strong><span style=\"text-decoration: underline;\">Ventes de miel:<\/span><\/strong><\/p>\n<p>\nTous les apiculteurs qui vendent ou c\u00e8dent du miel et autres produits de leurs ruches,doivent \u00eatre d\u00e9tenteurs d\u2019un num\u00e9ro, SIRET et seront concern\u00e9s par l\u2019imposition.L\u2019imposition se fait sous le r\u00e9gime des b\u00e9n\u00e9fices r\u00e9els si les recettes sur 3 ans sont sup\u00e9rieures \u00e0 82.200\u20ac HT\/an. En dessous ce seuil, c\u2019est le r\u00e9gime <a href=\"http:\/\/www.willapi.biz\/wp-content\/uploads\/download\/micro-BA.pdf\" target=\"_blank\" rel=\"noopener\">Micro-BA<\/a> qui s\u2019applique. Ainsi, la notion d\u2019 \u00ab apiculteur de moins de 10 ruches \u00bb qui existait pour le Forfait Agricole est supprim\u00e9e.\n<\/p>\n<p><strong><span style=\"text-decoration: underline;\">Maladies contagieuses:<\/span><\/strong><\/p>\n<p>Tout propri\u00e9taire de colonie d\u2019abeilles soup\u00e7onn\u00e9es d\u2019\u00eatre atteintes de MRC (Maladies r\u00e9put\u00e9es contagieuses\/Maladies de cat\u00e9gorie 1) doivent le d\u00e9clarer \u00e0 la mairie de la commune o\u00f9 se trouve le rucher. Pratiquement, il est d&rsquo;usage que l\u2019apiculteur pr\u00e9vienne directement un sp\u00e9cialiste apicole du d\u00e9partement, qui pr\u00e9l\u00e8ve des \u00e9chantillons et les envoie \u00e0 la DSV afin d&rsquo;analyses.<br \/>A ce jour tout traitement m\u00e9dicamenteux des abeilles est interdit.<br \/>Un traitement acaricide pour lutter contre les varroas disposant d&rsquo;une AMM (Autorisation de mise sur le march\u00e9) est conseill\u00e9.<\/p>\n<p><a href=\"http:\/\/www.apivet.eu\/2010\/02\/arrete-mrc-abeilles-23122009.html\" target=\"_blank\" rel=\"noopener\">Surveillance des MRC<\/a><\/p>\n","protected":false},"excerpt":{"rendered":"<p>D\u00e9claration de rucher: La d\u00e9claration de ruchers est obligatoire. Tout apiculteur est tenu de d\u00e9clarer, au mois de d\u00e9cembre de chaque ann\u00e9e, les ruches dont il est propri\u00e9taire ou d\u00e9tenteur, en pr\u00e9cisant<\/p>\n<a class=\"moretag noptoppad\" href=\"https:\/\/www.willapi.biz\/?page_id=748\">Read More...<\/a>","protected":false},"author":1,"featured_media":0,"parent":0,"menu_order":0,"comment_status":"closed","ping_status":"closed","template":"","meta":{"footnotes":""},"class_list":["post-748","page","type-page","status-publish","hentry"],"_links":{"self":[{"href":"https:\/\/www.willapi.biz\/index.php?rest_route=\/wp\/v2\/pages\/748","targetHints":{"allow":["GET"]}}],"collection":[{"href":"https:\/\/www.willapi.biz\/index.php?rest_route=\/wp\/v2\/pages"}],"about":[{"href":"https:\/\/www.willapi.biz\/index.php?rest_route=\/wp\/v2\/types\/page"}],"author":[{"embeddable":true,"href":"https:\/\/www.willapi.biz\/index.php?rest_route=\/wp\/v2\/users\/1"}],"replies":[{"embeddable":true,"href":"https:\/\/www.willapi.biz\/index.php?rest_route=%2Fwp%2Fv2%2Fcomments&post=748"}],"version-history":[{"count":28,"href":"https:\/\/www.willapi.biz\/index.php?rest_route=\/wp\/v2\/pages\/748\/revisions"}],"predecessor-version":[{"id":3570,"href":"https:\/\/www.willapi.biz\/index.php?rest_route=\/wp\/v2\/pages\/748\/revisions\/3570"}],"wp:attachment":[{"href":"https:\/\/www.willapi.biz\/index.php?rest_route=%2Fwp%2Fv2%2Fmedia&parent=748"}],"curies":[{"name":"wp","href":"https:\/\/api.w.org\/{rel}","templated":true}]}}