
{"id":738,"date":"2014-11-24T08:19:52","date_gmt":"2014-11-24T08:19:52","guid":{"rendered":"http:\/\/www.willapi.biz\/?page_id=738"},"modified":"2020-12-21T23:07:54","modified_gmt":"2020-12-21T23:07:54","slug":"distance-des-ruches-au-voisinage","status":"publish","type":"page","link":"https:\/\/www.willapi.biz\/?page_id=738","title":{"rendered":"Distance des ruches au voisinage"},"content":{"rendered":"<p>Elles sont r\u00e9gies par le <strong>code rural et de la p\u00eache maritime:<\/strong><\/p>\n<p>&nbsp;<\/p>\n<ul id=imglist>\n<li>\n<p><span class=\"sitalique\">Article L211-6<\/span>: Les pr\u00e9fets d\u00e9terminent, apr\u00e8s avis des conseils g\u00e9n\u00e9raux, la distance \u00e0 observer entre les ruches d&rsquo;abeilles et les propri\u00e9t\u00e9s voisines ou la voie publique, sans pr\u00e9judice de l&rsquo;action en r\u00e9paration, s&rsquo;il y a lieu.<\/p>\n<p>&nbsp;\n<\/li>\n<li>\n<p><span class=\"sitalique\">Article L211-7<\/span>: Les maires prescrivent aux propri\u00e9taires de ruches, toutes les mesures qui peuvent assurer la s\u00e9curit\u00e9 des personnes, des animaux, et aussi la pr\u00e9servation des r\u00e9coltes et des fruits. A d\u00e9faut de l&rsquo;arr\u00eat\u00e9 pr\u00e9fectoral pr\u00e9vu par l&rsquo;article L. 211-6, les maires d\u00e9terminent \u00e0 quelle distance des habitations, des routes, des voies publiques, les ruchers d\u00e9couverts doivent \u00eatre \u00e9tablis. Toutefois, ne sont assujetties \u00e0 aucune prescription de distance les ruches isol\u00e9es des propri\u00e9t\u00e9s voisines ou des chemins publics par un mur, une palissade en planches jointes, une haie vive ou s\u00e8che, sans solution de continuit\u00e9.\n<\/p>\n<\/li>\n<li>\n<p>\n<span class=\"sitalique\">l\u2019article R. 211-2<\/span>:pour l\u2019application des dispositions de l\u2019article L. 211-7, les murs, les palissades en planches jointes, les haies vives ou s\u00e8ches, sans solution de continuit\u00e9, doivent avoir une hauteur de deux m\u00e8tres au-dessus du sol et s\u2019\u00e9tendre sur au moins deux m\u00e8tres de chaque c\u00f4t\u00e9 de la ruche. Les dispositions pr\u00e9cit\u00e9es du Code rural ne font pas obstacle \u00e0 l\u2019exercice par le maire du pouvoir qu\u2019il tient tant du Code g\u00e9n\u00e9ral des collectivit\u00e9s territoriales (ancien article L. 131-2 du Code des communes) que de l\u2019article 207 alin\u00e9a 1 ancien du Code rural de prescrire aux propri\u00e9taires de ruches toutes les mesures qui peuvent assurer la s\u00e9curit\u00e9 des personnes et des animaux. De telles mesures ne sont l\u00e9gales qu\u2019autant qu\u2019elles sont n\u00e9cessaires \u00e0 la s\u00e9curit\u00e9 des personnes et des biens et ne portent pas une atteinte excessive \u00e0 la libert\u00e9 du commerce et de l\u2019industrie.<\/p>\n<\/li>\n<li>\n<p><span class=\"sitalique\">Article L211-8<\/span>: Dans le cas o\u00f9 les ruches \u00e0 miel pourraient \u00eatre saisies s\u00e9par\u00e9ment du fonds auquel elles sont attach\u00e9es, elles ne peuvent \u00eatre d\u00e9plac\u00e9es que pendant les mois de d\u00e9cembre, janvier et f\u00e9vrier.<\/p>\n<\/li>\n<li>\n<p><span class=\"sitalique\">Article L211-9<\/span>: Le propri\u00e9taire d&rsquo;un essaim a le droit de le r\u00e9clamer et de s&rsquo;en ressaisir, tant qu&rsquo;il n&rsquo;a pas cess\u00e9 de le suivre ; autrement l&rsquo;essaim appartient au propri\u00e9taire du terrain sur lequel il s&rsquo;est fix\u00e9.<\/p>\n<\/li>\n<\/ul>\n","protected":false},"excerpt":{"rendered":"<p>Elles sont r\u00e9gies par le code rural et de la p\u00eache maritime: &nbsp; Article L211-6: Les pr\u00e9fets d\u00e9terminent, apr\u00e8s avis des conseils g\u00e9n\u00e9raux, la distance \u00e0 observer entre les ruches d&rsquo;abeilles et<\/p>\n<a class=\"moretag noptoppad\" href=\"https:\/\/www.willapi.biz\/?page_id=738\">Read More...<\/a>","protected":false},"author":1,"featured_media":0,"parent":0,"menu_order":0,"comment_status":"closed","ping_status":"closed","template":"","meta":{"footnotes":""},"class_list":["post-738","page","type-page","status-publish","hentry"],"_links":{"self":[{"href":"https:\/\/www.willapi.biz\/index.php?rest_route=\/wp\/v2\/pages\/738","targetHints":{"allow":["GET"]}}],"collection":[{"href":"https:\/\/www.willapi.biz\/index.php?rest_route=\/wp\/v2\/pages"}],"about":[{"href":"https:\/\/www.willapi.biz\/index.php?rest_route=\/wp\/v2\/types\/page"}],"author":[{"embeddable":true,"href":"https:\/\/www.willapi.biz\/index.php?rest_route=\/wp\/v2\/users\/1"}],"replies":[{"embeddable":true,"href":"https:\/\/www.willapi.biz\/index.php?rest_route=%2Fwp%2Fv2%2Fcomments&post=738"}],"version-history":[{"count":5,"href":"https:\/\/www.willapi.biz\/index.php?rest_route=\/wp\/v2\/pages\/738\/revisions"}],"predecessor-version":[{"id":3538,"href":"https:\/\/www.willapi.biz\/index.php?rest_route=\/wp\/v2\/pages\/738\/revisions\/3538"}],"wp:attachment":[{"href":"https:\/\/www.willapi.biz\/index.php?rest_route=%2Fwp%2Fv2%2Fmedia&parent=738"}],"curies":[{"name":"wp","href":"https:\/\/api.w.org\/{rel}","templated":true}]}}