
{"id":736,"date":"2014-11-24T08:17:05","date_gmt":"2014-11-24T08:17:05","guid":{"rendered":"http:\/\/www.willapi.biz\/?page_id=736"},"modified":"2020-12-21T23:01:36","modified_gmt":"2020-12-21T23:01:36","slug":"declarer-son-activite-apicole","status":"publish","type":"page","link":"https:\/\/www.willapi.biz\/?page_id=736","title":{"rendered":"D\u00e9clarer son activit\u00e9 apicole"},"content":{"rendered":"<p>Pour toutes les d\u00e9marches relatives \u00e0 la d\u00e9claration de votre activit\u00e9 apicole, vous devrez vous adresser au<a title=\"Le CFE sur le Net\" href=\"http:\/\/www.cfenet.cci.fr\/\" target=\"_blank\" rel=\"noopener\"> CFE<\/a> (Centre de Formalit\u00e9 des Entreprises). D\u00e8s que vous vendez des produits de la ruche, que ce soit \u00e0 la famille, \u00e0 l&rsquo;entourage, sur les march\u00e9s ou par l&rsquo;interm\u00e9diaire de commer\u00e7ants, quelle qu&rsquo;en soit la quantit\u00e9 vous devez \u00ab\u00a0formaliser votre activit\u00e9 apicole\u00a0\u00bb. A cette fin c&rsquo;est Chambre d&rsquo;Agriculture de votre d\u00e9partement qui est votre interlocuteur.<\/p>\n<p><span style=\"text-decoration: underline;\"><strong>Cette activit\u00e9 est d\u00e9finie par trois statuts:<\/strong><\/span><\/p>\n<div class=\"pad20\">\n<ul id=\"imglist\">\n<li><span><strong>Le statut juridique<\/strong><\/span><\/li>\n<p>\nEntreprise individuelle ou en soci\u00e9t\u00e9 ( EARL, EIARL,GAEC, SCEA ).Selon la d\u00e9claration d&rsquo;entreprise que vous effectuerez a la <a href=\"http:\/\/www.ile-de-france.chambagri.fr\/index.php?page=centre_formalites\" target=\"blank\" rel=\"noopener\"><span>chambre d&rsquo;agriculture<\/span><\/a>.\n<\/p>\n<li><span><strong>Le statut fiscal<\/strong><\/span><\/li>\n<p>\nla d\u00e9claration des ruches est obligatoire aupr\u00e8s des services des imp\u00f4ts \u00e0 partir de plus de 10 ruches. En plus de votre d\u00e9claration de revenus habituelle (formulaire 2042), vous devrez remplir une d\u00e9claration compl\u00e9mentaire de revenus (formulaire 2042C) sur laquelle vous mentionnez que vous exercez une activit\u00e9 agricole, puis une d\u00e9claration annexe (formulaire 2342) sur laquelle figure le d\u00e9tail de votre exploitation (le nombre de vos ruches).Le CFE vous fournira aussi un <a title=\"SIRET Wikip\u00e9dia\" href=\"http:\/\/fr.wikipedia.org\/wiki\/SIRET\" target=\"_blank\" rel=\"noopener\"><span>N\u00b0 de SIRET<\/span><\/a><span>,<\/span> obligatoire \u00e0 partir du moment o\u00f9 vous vendez votre miel. <a title=\"Site du syndicat Dauphinois\" href=\"http:\/\/www.syndicat-apicole-dauphinois.org\/index.php\" target=\"_blank\" rel=\"noopener\"><span>Le Syndicat Apicole Dauphinois<\/span><\/a> a r\u00e9alis\u00e9 un guide tr\u00e8s clair et complet sur ce sujet.\n<\/p>\n<li><span><strong>Le statut social<\/strong><\/span><\/li>\n<p>\nen regard de la <a target=\"_blank\" rel=\"noopener\"><span>MSA<\/span><\/a> (Mutualit\u00e9 Sociale Agricole) votre situation est fonction du nombre de ruches que vous exploitez. Pas de cotisation si vous avez moins de 50 ruches (ce nombre de ruches d\u00e9pend du d\u00e9partement), cotisation de solidarit\u00e9 de 50 \u00e0 200 ruches, cotisation sur le b\u00e9n\u00e9fice agricole d\u00e9gag\u00e9 \u00ab\u00a0&#8230;\u00a0\u00bb si vous avez plus de 200 ruches.\n<\/p>\n<\/ul>\n<\/div>\n<p style=\"text-indent:4em;\"><a title=\"\" href=\"http:\/\/www.willapi.biz\/wp-content\/uploads\/download\/Memento_de_lapiculteur_V1.1_2016.pdf\" target=\"blank\" rel=\"noopener\">Memento apiculteur France-Alsace 2016<\/a><\/p>\n","protected":false},"excerpt":{"rendered":"<p>Pour toutes les d\u00e9marches relatives \u00e0 la d\u00e9claration de votre activit\u00e9 apicole, vous devrez vous adresser au CFE (Centre de Formalit\u00e9 des Entreprises). D\u00e8s que vous vendez des produits de la ruche,<\/p>\n<a class=\"moretag noptoppad\" href=\"https:\/\/www.willapi.biz\/?page_id=736\">Read More...<\/a>","protected":false},"author":1,"featured_media":0,"parent":0,"menu_order":0,"comment_status":"closed","ping_status":"closed","template":"","meta":{"footnotes":""},"class_list":["post-736","page","type-page","status-publish","hentry"],"_links":{"self":[{"href":"https:\/\/www.willapi.biz\/index.php?rest_route=\/wp\/v2\/pages\/736","targetHints":{"allow":["GET"]}}],"collection":[{"href":"https:\/\/www.willapi.biz\/index.php?rest_route=\/wp\/v2\/pages"}],"about":[{"href":"https:\/\/www.willapi.biz\/index.php?rest_route=\/wp\/v2\/types\/page"}],"author":[{"embeddable":true,"href":"https:\/\/www.willapi.biz\/index.php?rest_route=\/wp\/v2\/users\/1"}],"replies":[{"embeddable":true,"href":"https:\/\/www.willapi.biz\/index.php?rest_route=%2Fwp%2Fv2%2Fcomments&post=736"}],"version-history":[{"count":17,"href":"https:\/\/www.willapi.biz\/index.php?rest_route=\/wp\/v2\/pages\/736\/revisions"}],"predecessor-version":[{"id":3535,"href":"https:\/\/www.willapi.biz\/index.php?rest_route=\/wp\/v2\/pages\/736\/revisions\/3535"}],"wp:attachment":[{"href":"https:\/\/www.willapi.biz\/index.php?rest_route=%2Fwp%2Fv2%2Fmedia&parent=736"}],"curies":[{"name":"wp","href":"https:\/\/api.w.org\/{rel}","templated":true}]}}