
{"id":734,"date":"2014-11-24T08:15:17","date_gmt":"2014-11-24T08:15:17","guid":{"rendered":"http:\/\/www.willapi.biz\/?page_id=734"},"modified":"2020-12-21T22:57:26","modified_gmt":"2020-12-21T22:57:26","slug":"assurances","status":"publish","type":"page","link":"https:\/\/www.willapi.biz\/?page_id=734","title":{"rendered":"Assurances"},"content":{"rendered":"<p><span style=\"text-decoration:underline\"><strong>Article 1385 du code civil:<\/strong><\/span> \u00ab\u00a0Le propri\u00e9taire d&rsquo;un animal, ou celui qui s&rsquo;en sert, pendant qu&rsquo;il est \u00e0 son usage, est responsable du dommage que l&rsquo;animal a caus\u00e9, soit que l&rsquo;animal f\u00fbt sous sa garde, soit qu&rsquo;il f\u00fbt \u00e9gar\u00e9 ou \u00e9chapp\u00e9\u00a0\u00bb. Il est donc n\u00e9cessaire de contracter une assurance. Plusieurs types de garanties existent, on pourra consulter les sites suivants pour avoir les d\u00e9tails des diff\u00e9rentes garanties.<\/p>\n<p>&nbsp;<\/p>\n<p><a href=\"http:\/\/www.snapiculture.com\/\" target=\"blank\" rel=\"noopener\">SNA<\/a><a href=\"http:\/\/www.labeilledefrance.com\/\" target=\"blank\" rel=\"noopener\">Abeille de france<\/a><\/p>\n<p><a href=\"http:\/\/www.unaf-apiculture.info\/\" target=\"blank\" rel=\"noopener\">UNAF<\/a><\/p>\n<p><a href=\"http:\/\/www.unaf-apiculture.info\/nos-services\/abonnement-assurance.html\" target=\"blank\" rel=\"noopener\">Abeilles et fleurs<\/a><\/p>\n","protected":false},"excerpt":{"rendered":"<p>Article 1385 du code civil: \u00ab\u00a0Le propri\u00e9taire d&rsquo;un animal, ou celui qui s&rsquo;en sert, pendant qu&rsquo;il est \u00e0 son usage, est responsable du dommage que l&rsquo;animal a caus\u00e9, soit que l&rsquo;animal f\u00fbt<\/p>\n<a class=\"moretag noptoppad\" href=\"https:\/\/www.willapi.biz\/?page_id=734\">Read More...<\/a>","protected":false},"author":1,"featured_media":0,"parent":0,"menu_order":0,"comment_status":"closed","ping_status":"closed","template":"","meta":{"footnotes":""},"class_list":["post-734","page","type-page","status-publish","hentry"],"_links":{"self":[{"href":"https:\/\/www.willapi.biz\/index.php?rest_route=\/wp\/v2\/pages\/734","targetHints":{"allow":["GET"]}}],"collection":[{"href":"https:\/\/www.willapi.biz\/index.php?rest_route=\/wp\/v2\/pages"}],"about":[{"href":"https:\/\/www.willapi.biz\/index.php?rest_route=\/wp\/v2\/types\/page"}],"author":[{"embeddable":true,"href":"https:\/\/www.willapi.biz\/index.php?rest_route=\/wp\/v2\/users\/1"}],"replies":[{"embeddable":true,"href":"https:\/\/www.willapi.biz\/index.php?rest_route=%2Fwp%2Fv2%2Fcomments&post=734"}],"version-history":[{"count":12,"href":"https:\/\/www.willapi.biz\/index.php?rest_route=\/wp\/v2\/pages\/734\/revisions"}],"predecessor-version":[{"id":3533,"href":"https:\/\/www.willapi.biz\/index.php?rest_route=\/wp\/v2\/pages\/734\/revisions\/3533"}],"wp:attachment":[{"href":"https:\/\/www.willapi.biz\/index.php?rest_route=%2Fwp%2Fv2%2Fmedia&parent=734"}],"curies":[{"name":"wp","href":"https:\/\/api.w.org\/{rel}","templated":true}]}}