
{"id":619,"date":"2014-11-03T07:25:05","date_gmt":"2014-11-03T07:25:05","guid":{"rendered":"http:\/\/www.willapi.biz\/?page_id=619"},"modified":"2021-03-03T08:31:07","modified_gmt":"2021-03-03T08:31:07","slug":"nourrissement","status":"publish","type":"page","link":"https:\/\/www.willapi.biz\/?page_id=619","title":{"rendered":"Nourrissement"},"content":{"rendered":"<p><span style=\"text-decoration: underline;\"><strong style=\"background-color: #ffffff;\">Nourrissement sp\u00e9culatif:<\/strong><\/span><\/p>\n<p>Il est donn\u00e9 plut\u00f4t au printemps afin de stimuler la ponte de la reine et la colonie.<br \/>\nC&rsquo;est un nourissement \u00e0 donner r\u00e9guli\u00e8rement, par petite quantit\u00e9s, afin de faire croire \u00e0 des entr\u00e9es de nectar.<br \/>\nMal donn\u00e9 il peut causer de l&rsquo;essaimage.<\/p>\n<p class=\"pad20\"><strong>Composition:<\/strong><\/p>\n<div style=\"width:70%\">\n<table class=\"styled-table0\">\n<thead>\n<\/thead>\n<tbody>\n<tr>\n<td>\n<p style=\"text-align: center;\" align=\"center\">Sirop constitu\u00e9 de 50% de sucre (saccharose) et de 50% d&rsquo;eau.<\/p>\n<\/td>\n<\/tr>\n<\/tbody>\n<\/table>\n<\/div>\n<p><span class=\"monBR\"><\/span><\/p>\n<p><span class=\"monBR\"><\/span><\/p>\n<p><span class=\"monBR\"><\/span><\/p>\n<p><span style=\"text-decoration: underline;\"><strong style=\"background-color: #ffffff;\">P\u00e2te stimulante de l&rsquo;\u00e9levage du couvain (*):<\/strong><\/span><\/p>\n<p>Ce nourrissement sera donn\u00e9 afin de faciliter l&rsquo;\u00e9levage des larves, si l&rsquo;on remplace les prot\u00e9ines par du pollen, il sera avantageusement utilis\u00e9 lors de l&rsquo;\u00e9levage des reines car il favorisera alors la production de g\u00e9l\u00e9e royale des abeilles nourrici\u00e8res.<br \/>\nIl sera plac\u00e9, de pr\u00e9f\u00e9rence, sur les t\u00eates de cadres, \u00e0 proximit\u00e9 du couvain.<\/p>\n<p class=\"pad20\"><strong>Composition:<\/strong><\/p>\n<div style=\"width:70%\">\n<table class=\"styled-table0\">\n<thead>\n<td>\n<p style=\"text-align: center;\" align=\"center\">(environ 15% de prot\u00e9ines).<\/p>\n<\/td>\n<\/thead>\n<tbody>\n<tr>\n<td>\n<p style=\"text-align: center;\" align=\"center\">50g de levure de bi\u00e8re<\/p>\n<\/td>\n<\/tr>\n<tr>\n<td>\n<p style=\"text-align: center;\" align=\"center\">10g de pollen<\/p>\n<\/tr>\n<tr>\n<td>\n<p style=\"text-align: center;\" align=\"center\">350g de sucre en poudre<\/p>\n<\/td>\n<\/tr>\n<tr>\n<td>\n<p style=\"text-align: center;\" align=\"center\">350g de lait en poudre<\/p>\n<\/td>\n<\/tr>\n<tr>\n<td>\n<p style=\"text-align: center;\" align=\"center\">miel ou sirop de sucre \u00e0 70%<\/p>\n<\/td>\n<\/tr>\n<tr>\n<td>\n<p style=\"text-align: center;\" align=\"center\">Bien m\u00e9langer le tout afin d&rsquo;obtenir une p\u00e2te homog\u00e8ne<\/p>\n<\/td>\n<\/tr>\n<\/tbody>\n<\/table>\n<\/div>\n<p><span class=\"monBR\"><\/span><\/p>\n<p><span class=\"monBR\"><\/span><\/p>\n<p><span class=\"monBR\"><\/span><\/p>\n<p><span style=\"text-decoration: underline;\"><strong style=\"background-color: #ffffff;\">P\u00e2te favorisante la production du corps gras de l&rsquo;abeille (*):<\/strong><\/span><\/p>\n<p>Il sera donn\u00e9, plut\u00f4t \u00e0 l&rsquo;automne, afin de renforcer la colonie en vue de l&rsquo;hiver.<\/p>\n<p class=\"pad20\"><strong>Composition:<\/strong><\/p>\n<div style=\"width:70%\">\n<table class=\"styled-table0\">\n<thead>\n<td>\n<p style=\"text-align: center;\" align=\"center\">(environ 15% de prot\u00e9ines).<\/p>\n<\/td>\n<\/thead>\n<tbody>\n<tr>\n<td>\n<p style=\"text-align: center;\" align=\"center\">200g de levure de bi\u00e8re<\/p>\n<\/td>\n<\/tr>\n<tr>\n<td>\n<p style=\"text-align: center;\" align=\"center\">100g de pollen<\/p>\n<\/tr>\n<tr>\n<td>\n<p style=\"text-align: center;\" align=\"center\">400g de sucre en poudre<\/p>\n<\/td>\n<\/tr>\n<tr>\n<td>\n<p style=\"text-align: center;\" align=\"center\">100g de lait en poudre<\/p>\n<\/td>\n<\/tr>\n<tr>\n<td>\n<p style=\"text-align: center;\" align=\"center\">miel ou sirop de sucre \u00e0 70%<\/p>\n<\/td>\n<\/tr>\n<tr>\n<td>\n<p style=\"text-align: center;\" align=\"center\">Bien m\u00e9langer le tout afin d&rsquo;obtenir une p\u00e2te homog\u00e8ne<\/p>\n<\/td>\n<\/tr>\n<\/tbody>\n<\/table>\n<p><span class=\"monBR\"><\/span><\/p>\n<p><span class=\"monBR\"><\/span><\/p>\n<p><span class=\"monBR\"><\/span><\/p>\n<\/div>\n<p>(*) d&rsquo;apr\u00e8s La sant\u00e9 de l&rsquo;abeille n\u00b0 216 p 439<\/p>\n<p><a title=\"\" href=\"http:\/\/www.cari.be\/medias\/actuapi\/actuapi47.pdf\" target=\"blank\" rel=\"noopener noreferrer\">Le nourrissement vu par le Cari &#8211; Actuapi<\/a><\/p>\n<p><a title=\"\" href=\"http:\/\/michelbocquet.over-blog.com\/pages\/Ouvrage_technique_Le_Nourrissement-808861.html\" target=\"blank\" rel=\"noopener noreferrer\">Le blog de Michel bocquet<\/a><\/p>\n<p><a title=\"\" href=\"http:\/\/en.wikibooks.org\/wiki\/Beekeeping\/Recipes_for_the_Bees\" target=\"blank\" rel=\"noopener noreferrer\">Wikibooks.org:Beekeeping\/Recipes for the Bees<\/a><\/p>\n","protected":false},"excerpt":{"rendered":"<p>Nourrissement sp\u00e9culatif: Il est donn\u00e9 plut\u00f4t au printemps afin de stimuler la ponte de la reine et la colonie. C&rsquo;est un nourissement \u00e0 donner r\u00e9guli\u00e8rement, par petite quantit\u00e9s, afin de faire croire<\/p>\n<a class=\"moretag noptoppad\" href=\"https:\/\/www.willapi.biz\/?page_id=619\">Read More...<\/a>","protected":false},"author":1,"featured_media":0,"parent":0,"menu_order":0,"comment_status":"closed","ping_status":"closed","template":"","meta":{"footnotes":""},"class_list":["post-619","page","type-page","status-publish","hentry"],"_links":{"self":[{"href":"https:\/\/www.willapi.biz\/index.php?rest_route=\/wp\/v2\/pages\/619","targetHints":{"allow":["GET"]}}],"collection":[{"href":"https:\/\/www.willapi.biz\/index.php?rest_route=\/wp\/v2\/pages"}],"about":[{"href":"https:\/\/www.willapi.biz\/index.php?rest_route=\/wp\/v2\/types\/page"}],"author":[{"embeddable":true,"href":"https:\/\/www.willapi.biz\/index.php?rest_route=\/wp\/v2\/users\/1"}],"replies":[{"embeddable":true,"href":"https:\/\/www.willapi.biz\/index.php?rest_route=%2Fwp%2Fv2%2Fcomments&post=619"}],"version-history":[{"count":13,"href":"https:\/\/www.willapi.biz\/index.php?rest_route=\/wp\/v2\/pages\/619\/revisions"}],"predecessor-version":[{"id":4271,"href":"https:\/\/www.willapi.biz\/index.php?rest_route=\/wp\/v2\/pages\/619\/revisions\/4271"}],"wp:attachment":[{"href":"https:\/\/www.willapi.biz\/index.php?rest_route=%2Fwp%2Fv2%2Fmedia&parent=619"}],"curies":[{"name":"wp","href":"https:\/\/api.w.org\/{rel}","templated":true}]}}