
{"id":531,"date":"2014-05-28T17:18:11","date_gmt":"2014-05-28T17:18:11","guid":{"rendered":"http:\/\/www.willapi.biz\/?page_id=531"},"modified":"2020-12-21T22:14:15","modified_gmt":"2020-12-21T22:14:15","slug":"plan-du-site","status":"publish","type":"page","link":"https:\/\/www.willapi.biz\/?page_id=531","title":{"rendered":"Plan du site"},"content":{"rendered":"<div class=\"wsp-container\"><h2 class=\"wsp-pages-title\">Pages<\/h2>\n<ul class=\"wsp-pages-list\">\n<li class=\"page_item page-item-16337\"><a href=\"https:\/\/www.willapi.biz\/?page_id=16337\">Accueil<\/a><\/li>\n<li class=\"page_item page-item-3463\"><a href=\"https:\/\/www.willapi.biz\/\">Accueil-old<\/a><\/li>\n<li class=\"page_item page-item-1259\"><a href=\"https:\/\/www.willapi.biz\/?page_id=1259\">Actualit\u00e9s Apicoles<\/a><\/li>\n<li class=\"page_item page-item-1072\"><a href=\"https:\/\/www.willapi.biz\/?page_id=1072\">Anatomie<\/a><\/li>\n<li class=\"page_item page-item-734\"><a href=\"https:\/\/www.willapi.biz\/?page_id=734\">Assurances<\/a><\/li>\n<li class=\"page_item page-item-1166\"><a href=\"https:\/\/www.willapi.biz\/?page_id=1166\">Choix du nuclei<\/a><\/li>\n<li class=\"page_item page-item-1068\"><a href=\"https:\/\/www.willapi.biz\/?page_id=1068\">Classification<\/a><\/li>\n<li class=\"page_item page-item-1076\"><a href=\"https:\/\/www.willapi.biz\/?page_id=1076\">Communications<\/a><\/li>\n<li class=\"page_item page-item-1033\"><a href=\"https:\/\/www.willapi.biz\/?page_id=1033\">Conditions g\u00e9n\u00e9rales de vente<\/a><\/li>\n<li class=\"page_item page-item-1362\"><a href=\"https:\/\/www.willapi.biz\/?page_id=1362\">Contact<\/a><\/li>\n<li class=\"page_item page-item-736\"><a href=\"https:\/\/www.willapi.biz\/?page_id=736\">D\u00e9clarer son activit\u00e9 apicole<\/a><\/li>\n<li class=\"page_item page-item-738\"><a href=\"https:\/\/www.willapi.biz\/?page_id=738\">Distance des ruches au voisinage<\/a><\/li>\n<li class=\"page_item page-item-1460\"><a href=\"https:\/\/www.willapi.biz\/?page_id=1460\">export ou suppression de mes donn\u00e9es<\/a><\/li>\n<li class=\"page_item page-item-1086\"><a href=\"https:\/\/www.willapi.biz\/?page_id=1086\">La cire<\/a><\/li>\n<li class=\"page_item page-item-1142\"><a href=\"https:\/\/www.willapi.biz\/?page_id=1142\">La communication invisible<\/a><\/li>\n<li class=\"page_item page-item-1080\"><a href=\"https:\/\/www.willapi.biz\/?page_id=1080\">La communication visible<\/a><\/li>\n<li class=\"page_item page-item-1084\"><a href=\"https:\/\/www.willapi.biz\/?page_id=1084\">La gel\u00e9e royale<\/a><\/li>\n<li class=\"page_item page-item-1092\"><a href=\"https:\/\/www.willapi.biz\/?page_id=1092\">La propolis<\/a><\/li>\n<li class=\"page_item page-item-1088\"><a href=\"https:\/\/www.willapi.biz\/?page_id=1088\">Le miel<\/a><\/li>\n<li class=\"page_item page-item-812\"><a href=\"https:\/\/www.willapi.biz\/?page_id=812\">Maladies<\/a><\/li>\n<li class=\"page_item page-item-527\"><a href=\"https:\/\/www.willapi.biz\/?page_id=527\">Mentions L\u00e9gales<\/a><\/li>\n<li class=\"page_item page-item-619\"><a href=\"https:\/\/www.willapi.biz\/?page_id=619\">Nourrissement<\/a><\/li>\n<li class=\"page_item page-item-748\"><a href=\"https:\/\/www.willapi.biz\/?page_id=748\">Obligations de l&rsquo;apiculteur<\/a><\/li>\n<li class=\"page_item page-item-750\"><a href=\"https:\/\/www.willapi.biz\/?page_id=750\">Ou trouver les informations<\/a><\/li>\n<li class=\"page_item page-item-1110\"><a href=\"https:\/\/www.willapi.biz\/?page_id=1110\">Parasites<\/a><\/li>\n<li class=\"page_item page-item-531\"><a href=\"https:\/\/www.willapi.biz\/?page_id=531\">Plan du site<\/a><\/li>\n<li class=\"page_item page-item-1458\"><a href=\"https:\/\/www.willapi.biz\/?page_id=1458\">Politique de confidentialit\u00e9<\/a><\/li>\n<li class=\"page_item page-item-1160\"><a href=\"https:\/\/www.willapi.biz\/?page_id=1160\">Reproduction<\/a><\/li>\n<li class=\"page_item page-item-1106\"><a href=\"https:\/\/www.willapi.biz\/?page_id=1106\">Sanitaire<\/a><\/li>\n<li class=\"page_item page-item-1118\"><a href=\"https:\/\/www.willapi.biz\/?page_id=1118\">Vente d&rsquo;essaims et de reines<\/a><\/li>\n<li class=\"page_item page-item-1137\"><a href=\"https:\/\/www.willapi.biz\/?page_id=1137\">Vie sociale<\/a><\/li>\n<li class=\"page_item page-item-381\"><a href=\"https:\/\/www.willapi.biz\/?page_id=381\">L&rsquo;\u00e9levage des reines<\/a><\/li>\n<li class=\"page_item page-item-19\"><a href=\"https:\/\/www.willapi.biz\/?page_id=19\">Liens<\/a><\/li>\n<\/ul>\n<h2 class=\"wsp-posts-title\">Articles par cat\u00e9gorie<\/h2>\n<ul class=\"wsp-posts-list\">\n\t<li><strong class=\"wsp-category-title\">Cat\u00e9gorie\u00a0: <a href=\"https:\/\/www.willapi.biz\/?cat=26\">abeille<\/a><\/strong>\n<ul class=\"wsp-posts-list\">\t\t<li class=\"wsp-post\"><a href=\"https:\/\/www.willapi.biz\/?p=873\">Prot\u00e9geons les abeilles sauvages.<\/a><\/li>\n\t<li><strong class=\"wsp-category-title\">Cat\u00e9gorie\u00a0: <a href=\"https:\/\/www.willapi.biz\/?cat=27\">abeille parasite<\/a><\/strong>\n<\/li>\n\t<li><strong class=\"wsp-category-title\">Cat\u00e9gorie\u00a0: <a href=\"https:\/\/www.willapi.biz\/?cat=30\">abeille solitaire<\/a><\/strong>\n<\/li>\n\t<li><strong class=\"wsp-category-title\">Cat\u00e9gorie\u00a0: <a href=\"https:\/\/www.willapi.biz\/?cat=54\">elevage et selection<\/a><\/strong>\n<ul class=\"wsp-posts-list\">\t\t<li class=\"wsp-post\"><a href=\"https:\/\/www.willapi.biz\/?p=3865\">Selection Methods for Honey Bee Breeding<\/a><\/li>\n<\/ul><\/li>\n\t<li><strong class=\"wsp-category-title\">Cat\u00e9gorie\u00a0: <a href=\"https:\/\/www.willapi.biz\/?cat=35\">g\u00e9n\u00e9tique<\/a><\/strong>\n<ul class=\"wsp-posts-list\">\t\t<li class=\"wsp-post\"><a href=\"https:\/\/www.willapi.biz\/?p=971\">Le renouvellement permanent de la diversit\u00e9<\/a><\/li>\n<\/ul><\/li>\n<\/ul><\/li>\n\t<li><strong class=\"wsp-category-title\">Cat\u00e9gorie\u00a0: <a href=\"https:\/\/www.willapi.biz\/?cat=31\">apidologie<\/a><\/strong>\n<ul class=\"wsp-posts-list\">\t\t<li class=\"wsp-post\"><a href=\"https:\/\/www.willapi.biz\/?p=884\">L&rsquo;abeille entre mythes et r\u00e9alit\u00e9s par Jeanine Kievits<\/a><\/li>\n\t\t<li class=\"wsp-post\"><a href=\"https:\/\/www.willapi.biz\/?p=871\">Compter n&rsquo;est pas jouer<\/a><\/li>\n<\/ul><\/li>\n\t<li><strong class=\"wsp-category-title\">Cat\u00e9gorie\u00a0: <a href=\"https:\/\/www.willapi.biz\/?cat=32\">biologie<\/a><\/strong>\n<ul class=\"wsp-posts-list\">\t\t<li class=\"wsp-post\"><a href=\"https:\/\/www.willapi.biz\/?p=4852\">Une s\u00e9rie de vid\u00e9os sur la vie cach\u00e9e des abeilles<\/a><\/li>\n<\/ul><\/li>\n\t<li><strong class=\"wsp-category-title\">Cat\u00e9gorie\u00a0: <a href=\"https:\/\/www.willapi.biz\/?cat=36\">frelon asiatique<\/a><\/strong>\n<ul class=\"wsp-posts-list\">\t\t<li class=\"wsp-post\"><a href=\"https:\/\/www.willapi.biz\/?p=4273\">Prot\u00e9ger les ruchers face au frelon asiatique par Gilles Lanio<\/a><\/li>\n\t\t<li class=\"wsp-post\"><a href=\"https:\/\/www.willapi.biz\/?p=985\">Pi\u00e9ger le frelon asiatique ?<\/a><\/li>\n<\/ul><\/li>\n\t<li><strong class=\"wsp-category-title\">Cat\u00e9gorie\u00a0: <a href=\"https:\/\/www.willapi.biz\/?cat=9\">miel<\/a><\/strong>\n<ul class=\"wsp-posts-list\">\t\t<li class=\"wsp-post\"><a href=\"https:\/\/www.willapi.biz\/?p=869\">Adult\u00e9ration du miel<\/a><\/li>\n<\/ul><\/li>\n\t<li><strong class=\"wsp-category-title\">Cat\u00e9gorie\u00a0: <a href=\"https:\/\/www.willapi.biz\/?cat=33\">sanitaire<\/a><\/strong>\n<ul class=\"wsp-posts-list\">\t<li><strong class=\"wsp-category-title\">Cat\u00e9gorie\u00a0: <a href=\"https:\/\/www.willapi.biz\/?cat=34\">pesticides<\/a><\/strong>\n<ul class=\"wsp-posts-list\">\t\t<li class=\"wsp-post\"><a href=\"https:\/\/www.willapi.biz\/?p=1556\">Why bees are desappearing by Marla Spivak<\/a><\/li>\n\t\t<li class=\"wsp-post\"><a href=\"https:\/\/www.willapi.biz\/?p=931\">Les impacts des pesticides<\/a><\/li>\n<\/ul><\/li>\n<\/ul><\/li>\n<\/ul>\n<\/div>\n","protected":false},"excerpt":{"rendered":"<a class=\"moretag noptoppad\" href=\"https:\/\/www.willapi.biz\/?page_id=531\">Read More...<\/a>","protected":false},"author":1,"featured_media":0,"parent":0,"menu_order":0,"comment_status":"closed","ping_status":"closed","template":"","meta":{"footnotes":""},"class_list":["post-531","page","type-page","status-publish","hentry"],"_links":{"self":[{"href":"https:\/\/www.willapi.biz\/index.php?rest_route=\/wp\/v2\/pages\/531","targetHints":{"allow":["GET"]}}],"collection":[{"href":"https:\/\/www.willapi.biz\/index.php?rest_route=\/wp\/v2\/pages"}],"about":[{"href":"https:\/\/www.willapi.biz\/index.php?rest_route=\/wp\/v2\/types\/page"}],"author":[{"embeddable":true,"href":"https:\/\/www.willapi.biz\/index.php?rest_route=\/wp\/v2\/users\/1"}],"replies":[{"embeddable":true,"href":"https:\/\/www.willapi.biz\/index.php?rest_route=%2Fwp%2Fv2%2Fcomments&post=531"}],"version-history":[{"count":5,"href":"https:\/\/www.willapi.biz\/index.php?rest_route=\/wp\/v2\/pages\/531\/revisions"}],"predecessor-version":[{"id":3522,"href":"https:\/\/www.willapi.biz\/index.php?rest_route=\/wp\/v2\/pages\/531\/revisions\/3522"}],"wp:attachment":[{"href":"https:\/\/www.willapi.biz\/index.php?rest_route=%2Fwp%2Fv2%2Fmedia&parent=531"}],"curies":[{"name":"wp","href":"https:\/\/api.w.org\/{rel}","templated":true}]}}