
{"id":527,"date":"2014-05-28T16:07:35","date_gmt":"2014-05-28T16:07:35","guid":{"rendered":"http:\/\/www.willapi.biz\/?page_id=527"},"modified":"2020-12-21T22:12:21","modified_gmt":"2020-12-21T22:12:21","slug":"mentions-legales","status":"publish","type":"page","link":"https:\/\/www.willapi.biz\/?page_id=527","title":{"rendered":"Mentions L\u00e9gales"},"content":{"rendered":"<p style=\"\"><span style=\"color:#00000\">Merci de lire attentivement les pr\u00e9sentes modalit\u00e9s d&rsquo;utilisation du pr\u00e9sent site avant de le parcourir. En vous connectant sur ce site, vous acceptez sans r\u00e9serve les pr\u00e9sentes modalit\u00e9s.<br \/>\n<\/span><\/p>\n<p style=\"margin-bottom:9.0pt;line-height:15.0pt\"><span style=\"color:#000000;text-decoration:underline\"><b>Editeur du site<\/b><\/span><\/p>\n<p><span>William PARIN EIRL<\/span><\/p>\n<p><span>12,rue Garibaldi EAUBONNE 95600<\/span><\/p>\n<p><span>EIRL inscrite au registre de l&rsquo;agriculture,<\/span><\/p>\n<p><span>chambre d&rsquo;agriculture de l&rsquo;Ile de France<\/span><\/p>\n<p><span>78153 Le Chesnay<\/span><\/p>\n<p><span>sous le num\u00e9ro: 525099313<\/span><\/p>\n<p style=\"margin-bottom:9.0pt;line-height:15.0pt\"><span style=\"color:#000000;text-decoration:underline\"><b>Conditions d&rsquo;utilisation<\/b><\/span><\/p>\n<p style=\"line-height:11.15pt\"><span style=\"color:#000000\">Le site accessible par l&rsquo;url suivante : www.willapi.biz est exploit\u00e9 dans le respect de la l\u00e9gislation fran\u00e7aise.L&rsquo;utilisation de ce site est r\u00e9gie par les pr\u00e9sentes conditions g\u00e9n\u00e9rales. En utilisant le site, vous reconnaissez avoir pris connaissance de ces conditions et les avoir accept\u00e9es. Celles-ci pourront \u00eatres modifi\u00e9es \u00e0 tout moment et sans pr\u00e9avis par la soci\u00e9t\u00e9 .<br \/>\nNous ne saurions \u00eatre tenu pour responsable en aucune mani\u00e8re d\u2019une mauvaise utilisation du service.<br \/>\n<\/span><\/p>\n<p style=\"margin-bottom:9.0pt;line-height:15.0pt\"><span style=\"color:#000000;text-decoration:underline\"><b>Responsable \u00e9ditorial<\/b><\/span><\/p>\n<p><span>William PARIN<\/span><\/p>\n<p><span>12, rue Garibaldi <\/span><\/p>\n<p><span>95600 Eaubonne <\/span><\/p>\n<p style=\"margin-bottom:9.0pt;line-height:15.0pt\"><span style=\"color:#000000;text-decoration:underline\"><b>Limitation de responsabilit\u00e9<\/b><\/span><\/p>\n<p style=\"line-height:11.15pt\"><span style=\"color:#000000\">Les informations contenues sur ce site sont aussi pr\u00e9cises que possibles et le site est p\u00e9riodiquement remis \u00e0 jour, mais peut toutefois contenir des inexactitudes, des omissions ou des lacunes. Si vous constatez une lacune, erreur ou ce qui parait \u00eatre un dysfonctionnement, merci de bien vouloir le signaler par email en d\u00e9crivant le probl\u00e8me de la mani\u00e8re la plus pr\u00e9cise possible (page posant probl\u00e8me, action d\u00e9clenchante, type d\u2019ordinateur et de navigateur utilis\u00e9, \u2026).<\/span><\/p>\n<p>Tout contenu t\u00e9l\u00e9charg\u00e9 se fait aux risques et p\u00e9rils de l&rsquo;utilisateur et sous sa seule responsabilit\u00e9. En cons\u00e9quence, nous ne saurions \u00eatre tenu responsable d&rsquo;un quelconque dommage subi par l&rsquo;ordinateur de l&rsquo;utilisateur ou d&rsquo;une quelconque perte de donn\u00e9es cons\u00e9cutives au t\u00e9l\u00e9chargement.<br \/>\nLes photos sont non contractuelles.<br \/>\nLes liens hypertextes mis en place dans le cadre du pr\u00e9sent site internet en direction d&rsquo;autres ressources pr\u00e9sentes sur le r\u00e9seau Internet ne sauraient engager notre responsabilit\u00e9.<\/p>\n<p style=\"margin-bottom:9.0pt;line-height:15.0pt\"><span style=\"color:#00000;text-decoration:underline\"><b>H\u00e9bergeur<\/b><\/span><\/p>\n<p><span>SAS OVH<\/span><\/p>\n<p><span>2 rue Kellermann<\/span><\/p>\n<p><span>BP 80107<\/span><\/p>\n<p><span>Roubaix<\/span><\/p>\n","protected":false},"excerpt":{"rendered":"<p>Merci de lire attentivement les pr\u00e9sentes modalit\u00e9s d&rsquo;utilisation du pr\u00e9sent site avant de le parcourir. En vous connectant sur ce site, vous acceptez sans r\u00e9serve les pr\u00e9sentes modalit\u00e9s. Editeur du site William<\/p>\n<a class=\"moretag noptoppad\" href=\"https:\/\/www.willapi.biz\/?page_id=527\">Read More...<\/a>","protected":false},"author":1,"featured_media":0,"parent":0,"menu_order":0,"comment_status":"closed","ping_status":"closed","template":"","meta":{"footnotes":""},"class_list":["post-527","page","type-page","status-publish","hentry"],"_links":{"self":[{"href":"https:\/\/www.willapi.biz\/index.php?rest_route=\/wp\/v2\/pages\/527","targetHints":{"allow":["GET"]}}],"collection":[{"href":"https:\/\/www.willapi.biz\/index.php?rest_route=\/wp\/v2\/pages"}],"about":[{"href":"https:\/\/www.willapi.biz\/index.php?rest_route=\/wp\/v2\/types\/page"}],"author":[{"embeddable":true,"href":"https:\/\/www.willapi.biz\/index.php?rest_route=\/wp\/v2\/users\/1"}],"replies":[{"embeddable":true,"href":"https:\/\/www.willapi.biz\/index.php?rest_route=%2Fwp%2Fv2%2Fcomments&post=527"}],"version-history":[{"count":14,"href":"https:\/\/www.willapi.biz\/index.php?rest_route=\/wp\/v2\/pages\/527\/revisions"}],"predecessor-version":[{"id":3520,"href":"https:\/\/www.willapi.biz\/index.php?rest_route=\/wp\/v2\/pages\/527\/revisions\/3520"}],"wp:attachment":[{"href":"https:\/\/www.willapi.biz\/index.php?rest_route=%2Fwp%2Fv2%2Fmedia&parent=527"}],"curies":[{"name":"wp","href":"https:\/\/api.w.org\/{rel}","templated":true}]}}