
{"id":19,"date":"2011-10-26T07:49:39","date_gmt":"2011-10-26T07:49:39","guid":{"rendered":"http:\/\/www.willapi.biz\/?page_id=19"},"modified":"2021-08-01T10:24:22","modified_gmt":"2021-08-01T10:24:22","slug":"liens","status":"publish","type":"page","link":"https:\/\/www.willapi.biz\/?page_id=19","title":{"rendered":"Liens"},"content":{"rendered":"<p><strong><\/p>\n<p style=\"text-decoration:underline\">\nLiens vers des sites g\u00e9n\u00e9ralistes:<\/p>\n<p><\/strong><\/p>\n<div class=\"pad20\">\n<ul id=\"imglist\">\n<li><a title=\"\" href=\"https:\/\/www.cari.be\/\" target=\"_blank\" rel=\"noopener noreferrer\">Le site du CARI (l&rsquo;apiculture Wallonne et Bruxelloise)<\/a><\/li>\n<li><a title=\"\" href=\"https:\/\/www.sauvonslesabeilles.com\/\" target=\"_blank\" rel=\"noopener noreferrer\">Terres d&rsquo;abeilles (Association pour la protection des abeilles et autres pollinisateurs) sauvages<\/a><\/li>\n<li><a title=\"\" href=\"https:\/\/scientificbeekeeping.com\/\" target=\"_blank\" rel=\"noopener noreferrer\">L&rsquo;apiculture d&rsquo;un point de vue scientifique (le site de Randy Oliver)<\/a><\/li>\n<\/ul>\n<\/div>\n<p><strong><\/p>\n<p style=\"text-decoration:underline\">\nLiens vers des sites traitant de l&rsquo;\u00e9levage et la reproduction des abeilles:<\/p>\n<p><\/strong><\/p>\n<div class=\"pad20\">\n<ul id=\"imglist\">\n<li><a title=\"\" href=\"http:\/\/www.apistory.fr\/\" target=\"_blank\" rel=\"noopener noreferrer\">Le site de Texier Michel, une mine d&rsquo;informations.<\/a><\/li>\n<li><a title=\"\" href=\"https:\/\/www.abeille-hygienique.magix.net\/index.htm\" target=\"_blank\" rel=\"noopener noreferrer\">L&rsquo;abeille hygi\u00e9nique<\/a><\/li>\n<li><a title=\"\" href=\"https:\/\/www.geleeroyale-gpgr.fr\/\" target=\"_blank\" rel=\"noopener noreferrer\">Le site du GPGR (Groupement des Producteurs de Gel\u00e9e Royale)<\/a><\/li>\n<li><a title=\"\" href=\"https:\/\/www.altigoo.com\/\" target=\"_blank\" rel=\"noopener noreferrer\">Le site Altigoo<br \/>\n<\/a><\/li>\n<li><a title=\"\" href=\"https:\/\/www.anercea.com\/\" target=\"_blank\" rel=\"noopener noreferrer\">Le site de l&rsquo;ANERCEA (Association nationale des \u00e9leveurs de reines et des centres d&rsquo;Elevage Apicoles)<\/a><\/li>\n<li><a title=\"\" href=\"https:\/\/www.2imanagement.ch\/fr\/divers\/liens\/wwwapisavoirch\" target=\"_blank\" rel=\"noopener noreferrer\">Le savoir faire de nos amis suisses<\/a><\/li>\n<li><a title=\"\" href=\"https:\/\/www.apidologie.org\/component\/issues\/\" target=\"_blank\" rel=\"noopener noreferrer\">Les documents de la revue d&rsquo;apidologie<\/a><\/li>\n<\/ul>\n<\/div>\n<p><strong><\/p>\n<p style=\"text-decoration:underline\">\nLiens vers des sites traitant des questions sanitaires:<\/p>\n<p><\/strong><\/p>\n<div class=\"pad20\">\n<ul id=\"imglist\">\n<li><a title=\"\" href=\"https:\/\/www.fnosad.com\/2-pages\/49-fiches-pratiques\" target=\"_blank\" rel=\"noopener noreferrer\">Les fiches pratiques de la FNOSAD<\/a><\/li>\n<li><a title=\"\" href=\"https:\/\/www.adafrance.org\/\" target=\"_blank\" rel=\"noopener noreferrer\">La f\u00e9d\u00e9ration des Associations pour le d\u00e9veloppement de l&rsquo;apiculture<\/a><\/li>\n<\/ul>\n<\/div>\n<p><strong><\/p>\n<p style=\"text-decoration:underline\">\nLiens vers des sites traitant de la flore mellif\u00e8re:<\/p>\n<p><\/strong><\/p>\n<div class=\"pad20\">\n<ul id=\"imglist\">\n<li><a title=\"\" href=\"http:\/\/www.florabeilles.org\/\" target=\"_blank\" rel=\"noopener noreferrer\">Le site Florabeilles, plantes mellif\u00e8res et abeilles<\/a><\/li>\n<li><a title=\"\" href=\"https:\/\/fr.wikipedia.org\/wiki\/Liste_de_plantes_mellif%C3%A8res_en_Europe\" target=\"_blank\" rel=\"noopener noreferrer\">Les plantes mellif\u00e8res d&rsquo;Europe par Wikip\u00e9dia<\/a><\/li>\n<\/ul>\n<\/div>\n","protected":false},"excerpt":{"rendered":"<p>Liens vers des sites g\u00e9n\u00e9ralistes: Le site du CARI (l&rsquo;apiculture Wallonne et Bruxelloise) Terres d&rsquo;abeilles (Association pour la protection des abeilles et autres pollinisateurs) sauvages L&rsquo;apiculture d&rsquo;un point de vue scientifique (le<\/p>\n<a class=\"moretag noptoppad\" href=\"https:\/\/www.willapi.biz\/?page_id=19\">Read More...<\/a>","protected":false},"author":1,"featured_media":0,"parent":0,"menu_order":22,"comment_status":"closed","ping_status":"closed","template":"","meta":{"footnotes":""},"class_list":["post-19","page","type-page","status-publish","hentry"],"_links":{"self":[{"href":"https:\/\/www.willapi.biz\/index.php?rest_route=\/wp\/v2\/pages\/19","targetHints":{"allow":["GET"]}}],"collection":[{"href":"https:\/\/www.willapi.biz\/index.php?rest_route=\/wp\/v2\/pages"}],"about":[{"href":"https:\/\/www.willapi.biz\/index.php?rest_route=\/wp\/v2\/types\/page"}],"author":[{"embeddable":true,"href":"https:\/\/www.willapi.biz\/index.php?rest_route=\/wp\/v2\/users\/1"}],"replies":[{"embeddable":true,"href":"https:\/\/www.willapi.biz\/index.php?rest_route=%2Fwp%2Fv2%2Fcomments&post=19"}],"version-history":[{"count":71,"href":"https:\/\/www.willapi.biz\/index.php?rest_route=\/wp\/v2\/pages\/19\/revisions"}],"predecessor-version":[{"id":5471,"href":"https:\/\/www.willapi.biz\/index.php?rest_route=\/wp\/v2\/pages\/19\/revisions\/5471"}],"wp:attachment":[{"href":"https:\/\/www.willapi.biz\/index.php?rest_route=%2Fwp%2Fv2%2Fmedia&parent=19"}],"curies":[{"name":"wp","href":"https:\/\/api.w.org\/{rel}","templated":true}]}}