
{"id":16337,"date":"2024-06-06T19:04:23","date_gmt":"2024-06-06T19:04:23","guid":{"rendered":"https:\/\/www.willapi.biz\/?page_id=16337"},"modified":"2024-06-06T19:04:23","modified_gmt":"2024-06-06T19:04:23","slug":"accueil-2","status":"publish","type":"page","link":"https:\/\/www.willapi.biz\/?page_id=16337","title":{"rendered":"Accueil"},"content":{"rendered":"<p>Sur le site<strong> Willapi Abeilles et Apiculture<\/strong> vous trouverez des informations sur la vie des abeilles.<\/p>\n<p>Si vous entretenez un rucher, vous pourrez aussi vous <a title=\"\" href=\"https:\/\/www.willapi.biz\/?page_id=1118\" target=\"_blank\" rel=\"noopener noreferrer\">procurer des essaims sur cadres d&rsquo;abeilles noires ou buckfast.<\/a><\/p>\n<p>Une connaissance plus approfondie des abeilles vous permettra de mieux prendre soin de vos ruches non seulement pour jouir de leurs productions( miel, gel\u00e9e royale ou propolis), mais aussi, vous incitera peut-\u00eatre \u00e0 vous engagez dans leur \u00e9levage.<\/p>\n<p>La plus vieille abeille connue, l&rsquo;abeille fossile <a title=\"\" href=\"https:\/\/en.wikipedia.org\/wiki\/Melittosphex_burmensis\" target=\"_blank\" rel=\"noopener noreferrer\">Melittosphex burmensis<\/a>, fossile de 100 millions d&rsquo;ann\u00e9es, insecte m\u00e2le de 2,95 mm vivait au d\u00e9but du Cr\u00e9tac\u00e9.<\/p>\n<div class=\"zoom\">\n<table style=\"border: none;\">\n<tbody>\n<tr class=\"transparente\">\n<td class=\"transparente\">\n<div class=\"image\"><img decoding=\"async\" style=\"width: 210%; height: 220%; padding: 1px; border: 1px solid #021a40;\" src=\"https:\/\/localhost\/wordpresswillapi\/wp-content\/uploads\/pageacceuil\/abeillefossile.png\" alt=\"\" \/><\/div>\n<\/td>\n<td class=\"transparente\" width=\"1%\"><\/td>\n<td class=\"transparente\">Cette esp\u00e8ce pr\u00e9sente des caract\u00e9ristiques communes aux abeilles et aux gu\u00eapes.Certaines caract\u00e9ristiques anatomiques de cet hym\u00e9nopt\u00e8re, comme les poils ramifi\u00e9s sur les pattes, sont comparables \u00e0 nos abeilles collectrices de pollen.<br \/>\nCette abeille a certainement particip\u00e9 \u00e0 l\u2019expansion des <a title=\"\" href=\"https:\/\/fr.wikipedia.org\/wiki\/Magnoliophyta\" target=\"_blank\" rel=\"noopener noreferrer\">angiospermes<\/a>: les plantes \u00e0 fleurs.Avant le Cr\u00e9tac\u00e9 les plantes les plus r\u00e9pandues \u00e9taient les conif\u00e8res: <a title=\"\" href=\"http:\/\/fr.wikipedia.org\/wiki\/Gymnospermes\" target=\"_blank\" rel=\"noopener noreferrer\">les gymnospermes<\/a>, d\u00e9pendantes du vent pour r\u00e9pandre le pollen et les graines. Durant le Cr\u00e9tac\u00e9 (entre \u2013145 et \u201365 millions d\u2019ann\u00e9es) les angiospermes se sont d\u00e9velopp\u00e9es et diversifi\u00e9es en particulier \u00e0 l&rsquo;aide des pollinisateurs.<\/td>\n<\/tr>\n<\/tbody>\n<\/table>\n<\/div>\n<p>Plus r\u00e9cemment l&rsquo;homme a utilis\u00e9 les abeilles pour la pollinisation et la reproduction des arbres fruitiers et des fleurs.<\/p>\n<p>En effet, l&rsquo;abeille, en butinant les fleurs, ou elle cherche sa nourriture, se couvre de grains de pollen qu&rsquo;elle transporte, d&rsquo;une fleur \u00e0 une autre.Cet transfert de pollen, sans l&rsquo;aide du vent, assure ainsi la f\u00e9condation et la fructification de nombreux fruits et l\u00e9gumes et la production de graines.<\/p>\n<p>Quelques chiffres montreront l&rsquo;importance des abeilles et plus g\u00e9n\u00e9rallement des pollinisateurs:<\/p>\n<div class=\"pad20\">\n<ul id=\"imglist\">\n<li>Les abeilles repr\u00e9sentent \u00e0 elles seules 60 \u00e0 90% de la faune pollinisatrice.<\/li>\n<li>Plus de 80% des esp\u00e8ces v\u00e9g\u00e9tales dans le monde et 84% des esp\u00e8ces cultiv\u00e9es en Europe d\u00e9pendent directement de la pollinisation.<\/li>\n<li>Notre alimentation d\u00e9pend pour pr\u00e8s de 40% de la pollinisation.<\/li>\n<li>Pour les productions de fruits telles que les pommes,les abricots, les m\u00fbres, les cerises, les groseilles et de l\u00e9gumes comme le brocolis, le chou de Bruxelles, le chou-fleur, la carotte, la tomate, le concombre, l&rsquo;oignon, le radis, la courgette et le navet la pollinisation est assur\u00e9e pour plus de 50% par les abeilles.<\/li>\n<li>Pour les cultures fourrag\u00e8res telles la luzerne ou le tr\u00e8fle la pollinisation est assur\u00e9e pour plus de 50% par les abeilles.<\/li>\n<\/ul>\n<\/div>\n<p>De nombreuses plantes \u00e0 fleurs sont \u00e9galement tributaires de la pollinisation, on peut citer: l&rsquo;aub\u00e9pine, l&rsquo;\u00e9glantier, le merisier, les gen\u00eats, le romarin, le thym, la bruy\u00e8re.<\/p>\n<div>Les <a title=\"\" href=\"https:\/\/fr.wikipedia.org\/wiki\/Abeille\" target=\"_blank\" rel=\"noopener noreferrer\">abeilles<\/a>, par leur role dans l&rsquo;\u00e9cosyt\u00e8me, permettent \u00e0 de nombreuses esp\u00e8ces , dont lesp\u00e8ce humaine, d&rsquo;exister.<\/div>\n","protected":false},"excerpt":{"rendered":"<p>Sur le site Willapi Abeilles et Apiculture vous trouverez des informations sur la vie des abeilles. Si vous entretenez un rucher, vous pourrez aussi vous procurer des essaims sur cadres d&rsquo;abeilles noires<\/p>\n<a class=\"moretag noptoppad\" href=\"https:\/\/www.willapi.biz\/?page_id=16337\">Read More...<\/a>","protected":false},"author":2,"featured_media":0,"parent":0,"menu_order":0,"comment_status":"closed","ping_status":"closed","template":"","meta":{"footnotes":""},"class_list":["post-16337","page","type-page","status-publish","hentry"],"_links":{"self":[{"href":"https:\/\/www.willapi.biz\/index.php?rest_route=\/wp\/v2\/pages\/16337","targetHints":{"allow":["GET"]}}],"collection":[{"href":"https:\/\/www.willapi.biz\/index.php?rest_route=\/wp\/v2\/pages"}],"about":[{"href":"https:\/\/www.willapi.biz\/index.php?rest_route=\/wp\/v2\/types\/page"}],"author":[{"embeddable":true,"href":"https:\/\/www.willapi.biz\/index.php?rest_route=\/wp\/v2\/users\/2"}],"replies":[{"embeddable":true,"href":"https:\/\/www.willapi.biz\/index.php?rest_route=%2Fwp%2Fv2%2Fcomments&post=16337"}],"version-history":[{"count":1,"href":"https:\/\/www.willapi.biz\/index.php?rest_route=\/wp\/v2\/pages\/16337\/revisions"}],"predecessor-version":[{"id":16338,"href":"https:\/\/www.willapi.biz\/index.php?rest_route=\/wp\/v2\/pages\/16337\/revisions\/16338"}],"wp:attachment":[{"href":"https:\/\/www.willapi.biz\/index.php?rest_route=%2Fwp%2Fv2%2Fmedia&parent=16337"}],"curies":[{"name":"wp","href":"https:\/\/api.w.org\/{rel}","templated":true}]}}