
{"id":1458,"date":"2018-11-09T17:40:31","date_gmt":"2018-11-09T17:40:31","guid":{"rendered":"http:\/\/www.willapi.biz\/?page_id=1458"},"modified":"2020-12-22T14:12:31","modified_gmt":"2020-12-22T14:12:31","slug":"politique-de-confidentialite","status":"publish","type":"page","link":"https:\/\/www.willapi.biz\/?page_id=1458","title":{"rendered":"Politique de confidentialit\u00e9"},"content":{"rendered":"<h2>Qui sommes-nous&nbsp;, quelle politique appliquons nous ?<\/h2>\n<p>Cette politique s&rsquo;applique au site : <a href=\"https:\/\/www.willapi.biz\">https:\/\/www.willapi.biz<\/a><\/p>\n<p>L\u2019h\u00e9bergeur de ce site est la soci\u00e9t\u00e9 OVH&nbsp;: <a href=\"https:\/\/www.ovh.com\/fr\/\">https:\/\/www.ovh.com\/fr\/<\/a><\/p>\n<p>Le respect de votre vie priv\u00e9e est de la plus haute importance pour William PARIN, qui est le responsable de ce site.<\/p>\n<p>La pr\u00e9sente politique de confidentialit\u00e9 a pour but de vous exposer:<\/p>\n<p>La mani\u00e8re dont sont collect\u00e9s et trait\u00e9s vos renseignements personnels. Doivent \u00eatre consid\u00e9r\u00e9s &nbsp;&nbsp;&nbsp;comme renseignements personnels tous les renseignements susceptibles de vous identifier. Il s&rsquo;agit notamment de votre pr\u00e9nom et nom, de votre adresse postale, de votre adresse courriel, de votre localisation ou encore de votre adresse IP. \u00ab\u00a0Renseignements personnels\u00a0\u00bb est \u00e9galement utilis\u00e9 comme synonyme de \u00ab\u00a0donn\u00e9es personnelles\u00a0\u00bb au sens du R\u00e8glement europ\u00e9en 2016\/679 ;<\/p>\n<p>Quels sont vos droits concernant ces renseignements;<\/p>\n<p>Qui est responsable du traitement des renseignements personnels collect\u00e9s et trait\u00e9s ;<\/p>\n<p>\u00c0 qui ces renseignements sont transmis ;<\/p>\n<p>\u00c9ventuellement, la politique du site en mati\u00e8re de fichiers t\u00e9moins (\u00ab\u00a0cookies\u00a0\u00bb).<\/p>\n<p>Nous nous r\u00e9servons le droit de la modifier afin de garantir sa conformit\u00e9 avec le droit en vigueur.<\/p>\n<p>Par cons\u00e9quent, vous \u00eates invit\u00e9(e) \u00e0 venir consulter r\u00e9guli\u00e8rement cette politique de confidentialit\u00e9 afin de vous tenir inform\u00e9(e) des derniers changements qui lui seront apport\u00e9s.<\/p>\n<p><strong>Utilisation des donn\u00e9es personnelles collect\u00e9es<\/strong><\/p>\n<p>Les renseignements personnels que nous collectons son recueillis par l&rsquo;entremise des modes de collecte d\u00e9crits ci-apr\u00e8s, dans les sections \u00ab\u00a0Formulaires et modes de collecte\u00a0\u00bb et suivantes.<\/p>\n<p><strong>Formulaires et modes de collecte<\/strong><\/p>\n<p>Vos renseignements personnels sont collect\u00e9s par l&rsquo;entremise des m\u00e9thodes suivantes :<\/p>\n<p>Formulaire de contact, statistiques, gestion du site Web, commentaires.<\/p>\n<p><strong>Commentaires<\/strong><\/p>\n<p>Quand vous laissez un commentaire sur notre site web, lorsque c\u2019est possible, les donn\u00e9es inscrites dans le formulaire de commentaire, mais aussi votre adresse IP et l\u2019agent utilisateur de votre navigateur sont collect\u00e9s afin de nous aider \u00e0 la d\u00e9tection des commentaires ind\u00e9sirables.<\/p>\n<p>Une cha\u00eene anonymis\u00e9e cr\u00e9\u00e9e \u00e0 partir de votre adresse de messagerie (\u00e9galement appel\u00e9e hash) peut \u00eatre envoy\u00e9e au service Gravatar pour v\u00e9rifier si vous utilisez ce dernier. Les clauses de confidentialit\u00e9 du service Gravatar sont disponibles ici&nbsp;: <a href=\"https:\/\/automattic.com\/privacy\/\">https:\/\/automattic.com\/privacy\/<\/a> . Apr\u00e8s validation de votre commentaire, votre photo de profil sera visible publiquement \u00e0 cot\u00e9 de votre commentaire.<\/p>\n<p><strong>M\u00e9dias<\/strong><\/p>\n<p>Si vous \u00eates un utilisateur ou une utilisatrice enregistr\u00e9\u00b7e et que vous t\u00e9l\u00e9versez des images sur le site web, nous vous conseillons d\u2019\u00e9viter de t\u00e9l\u00e9verser des images contenant des donn\u00e9es EXIF de coordonn\u00e9es GPS. Les visiteurs de votre site web peuvent t\u00e9l\u00e9charger et extraire des donn\u00e9es de localisation depuis ces images.<\/p>\n<p><strong>Formulaires de contact<\/strong><\/p>\n<p>Si utilisez le formulaire de contact du site, vos nom et pr\u00e9nom, votre adresse mail, l\u2019objet de votre message seront collect\u00e9s.<\/p>\n<p><strong>Cookies<\/strong><\/p>\n<p>Les cookies sont de petites quantit\u00e9s d\u2019informations stock\u00e9es dans des fichiers au sein m\u00eame du navigateur de votre ordinateur. Les cookies sont accessibles et enregistr\u00e9s par les sites internet que vous consultez, et par les soci\u00e9t\u00e9s qui affichent leurs annonces publicitaires sur des sites internet, pour qu\u2019ils puissent reconna\u00eetre le navigateur. Les sites Internet peuvent uniquement acc\u00e9der aux cookies qu\u2019ils ont stock\u00e9s sur votre ordinateur.<\/p>\n<p>En utilisant le Site Internet , vous consentez \u00e0 l\u2019utilisation des cookies d\u00e9pos\u00e9s par notre Site.<\/p>\n<p>En visitant notre site Web et en utilisant nos services, vous comprenez et acceptez la fa\u00e7on dont nous traitons les donn\u00e9es personnelles conform\u00e9ment \u00e0 notre politique de confidentialit\u00e9. Nous respectons votre vie priv\u00e9e et le droit de contr\u00f4ler vos donn\u00e9es personnelles.<\/p>\n<p>Si vous d\u00e9posez un commentaire sur notre site, il vous sera propos\u00e9 d\u2019enregistrer votre nom, adresse de messagerie et site web dans des cookies. C\u2019est uniquement pour votre confort afin de ne pas avoir \u00e0 saisir ces informations si vous d\u00e9posez un autre commentaire plus tard. Ces cookies expirent au bout d\u2019un an.<\/p>\n<p>Si vous avez un compte et que vous vous connectez sur ce site, un cookie temporaire sera cr\u00e9\u00e9 afin de d\u00e9terminer si votre navigateur accepte les cookies. Il ne contient pas de donn\u00e9es personnelles et sera supprim\u00e9 automatiquement \u00e0 la fermeture de votre navigateur.<\/p>\n<p>Lorsque vous vous connecterez, nous mettrons en place un certain nombre de cookies pour enregistrer vos informations de connexion et vos pr\u00e9f\u00e9rences d\u2019\u00e9cran. La dur\u00e9e de vie d\u2019un cookie de connexion est de deux jours, celle d\u2019un cookie d\u2019option d\u2019\u00e9cran est d\u2019un an. Si vous cochez \u00ab&nbsp;Se souvenir de moi&nbsp;\u00bb, votre cookie de connexion sera conserv\u00e9 pendant deux semaines. Si vous vous d\u00e9connectez de votre compte, le cookie de connexion sera effac\u00e9.<\/p>\n<p>En modifiant ou en publiant une publication, un cookie suppl\u00e9mentaire sera enregistr\u00e9 dans votre navigateur. Ce cookie ne comprend aucune donn\u00e9e personnelle. Il indique simplement l\u2019ID de la publication que vous venez de modifier. Il expire au bout d\u2019un jour.<\/p>\n<p>D\u2019une mani\u00e8re g\u00e9n\u00e9rale, le site Internet peut utiliser des cookies aux fins suivantes :<\/p>\n<ul id=\"imglist-03\" >\n<li><strong>Usage du site :<\/strong>&nbsp;pour nous aider \u00e0 reconna\u00eetre votre navigateur comme celui d\u2019un visiteur pr\u00e9c\u00e9dent et pour enregistrer les pr\u00e9f\u00e9rences que vous avez d\u00e9termin\u00e9es lors de votre pr\u00e9c\u00e9dente visite sur le Site. Par exemple, nous pouvons enregistrer vos informations de connexion de sorte que vous n\u2019ayez pas \u00e0 vous connecter \u00e0 chaque fois que vous visitez le Site ;<\/li>\n<li><strong>R\u00e9seaux sociaux :<\/strong>&nbsp;pour v\u00e9rifier si vous \u00eates connect\u00e9s \u00e0 des services tiers (Facebook, Twitter, Google+\u2026) ;<\/li>\n<li><strong>Ciblage :<\/strong>&nbsp;pour nous permettre de cibler (emailing, enrichissement de base) \u00e0 post\u00e9riori ou en temps r\u00e9el l\u2019internaute qui navigue sur notre Site ;<\/li>\n<li><strong>Mesure d\u2019audience :&nbsp;<\/strong>pour suivre les donn\u00e9es statistiques de fr\u00e9quentation du Site (soit l\u2019utilisation faite du Site par les utilisateurs et pour am\u00e9liorer les services du Site) et pour nous aider \u00e0 mesurer et \u00e9tudier l\u2019efficacit\u00e9 de notre contenu interactif en ligne, de ses caract\u00e9ristiques, publicit\u00e9s et autres communications.<\/li>\n<\/ul>\n<p><strong><em><u>Vos Choix Concernant les Cookies et Balises Web<\/u><\/em><\/strong><\/p>\n<p>Vous avez le choix de configurer votre navigateur pour accepter tous les cookies, rejeter tous les cookies, vous informer quand un cookie est \u00e9mis, sa dur\u00e9e de validit\u00e9 et son contenu, ainsi que vous permettre de refuser son enregistrement dans votre terminal, et supprimer vos cookies p\u00e9riodiquement.<\/p>\n<p>Vous pouvez param\u00e9trer votre navigateur Internet pour d\u00e9sactiver les cookies. Notez toutefois que si vous d\u00e9sactivez les cookies, votre nom d\u2019utilisateur ainsi que votre mot de passe ne seront plus sauvegard\u00e9s sur aucun site web. Pour plus d\u2019informations relatives aux m\u00e9thodes vous permettant de supprimer et de contr\u00f4ler les cookies stock\u00e9s sur votre ordinateur, consultez le site suivant :<\/p>\n<p><a href=\"http:\/\/www.allaboutcookies.org\/fr\/\">https:\/\/www.allaboutcookies.org\/fr\/<\/a><\/p>\n<p><strong><em><u>Comment configurer votre navigateur<\/u><\/em><\/strong><\/p>\n<ul id=\"imglist-03\">\n<li><strong><em>Firefox :<\/em><\/strong>\n<ul id=\"imglist-03\">\n<li>1. Ouvrez Firefox<\/li>\n<li>2. Appuyez sur la touche \u00ab Alt \u00bb<\/li>\n<li>3. Dans le menu en haut de la page cliquez sur \u00ab Outils \u00bb puis \u00ab Options \u00bb<\/li>\n<li>4. S\u00e9lectionnez l\u2019onglet \u00ab Vie priv\u00e9e \u00bb<\/li>\n<li>5. Dans le menu d\u00e9roulant \u00e0 droite de \u00ab R\u00e8gles de conservation \u00bb, cliquez sur \u00ab utiliser les param\u00e8tres personnalis\u00e9s pour l\u2019historique \u00bb<\/li>\n<li>6. Un peu plus bas, d\u00e9cochez \u00ab Accepter les cookies \u00bb<\/li>\n<li>7. Sauvegardez vos pr\u00e9f\u00e9rences en cliquant sur \u00ab OK \u00bb<\/li>\n<\/ul>\n<\/li>\n<li><strong><em>Internet Explorer :<\/em><\/strong>\n<ul id=\"imglist-03\">\n<li>1. Ouvrez Internet Explorer<\/li>\n<li>2. Dans le menu \u00ab Outils \u00bb, s\u00e9lectionnez \u00ab Options Internet \u00bb<\/li>\n<li>3. Cliquez sur l\u2019onglet \u00ab Confidentialit\u00e9 \u00bb<\/li>\n<li>4. Cliquez sur \u00ab Avanc\u00e9 \u00bb et d\u00e9cochez \u00ab Accepter \u00bb<\/li>\n<li>5. Sauvegardez vos pr\u00e9f\u00e9rences en cliquant sur \u00ab OK \u00bb<\/li>\n<\/ul>\n<\/li>\n<li><strong><em>Google Chrome :<\/em><\/strong>\n<ul id=\"imglist-03\">\n<li>1. Ouvrez Google Chrome<\/li>\n<li>2. Cliquez sur l\u2019ic\u00f4ne d\u2019outils dans la barre de menu<\/li>\n<li>3. S\u00e9lectionnez \u00ab Options \u00bb<\/li>\n<li>4. Cliquez sur l\u2019onglet \u00ab Options avanc\u00e9es \u00bb<\/li>\n<li>5. Dans le menu d\u00e9roulant \u00ab Param\u00e8tres des cookies \u00bb, s\u00e9lectionnez \u00ab Bloquer tous les cookies \u00bb<\/li>\n<\/ul>\n<\/li>\n<li><strong><em>Safari :<\/em><\/strong>\n<ul id=\"imglist-03\">\n<li>1. Ouvrez Safari<\/li>\n<li>2. Dans la barre de menu en haut, cliquez sur \u00ab Safari \u00bb, puis \u00ab Pr\u00e9f\u00e9rences \u00bb<\/li>\n<li>3. S\u00e9lectionnez l\u2019ic\u00f4ne \u00ab S\u00e9curit\u00e9 \u00bb<\/li>\n<li>4. \u00c0 c\u00f4t\u00e9 de \u00ab Accepter les cookies \u00bb, cochez \u00ab Jamais \u00bb<\/li>\n<li>5. Si vous souhaitez voir les cookies qui sont d\u00e9j\u00e0 sauvegard\u00e9s sur votre ordinateur, cliquez sur \u00ab Afficher les cookies \u00bb<\/li>\n<\/ul>\n<\/li>\n<\/ul>\n<p><strong>Contenu embarqu\u00e9 depuis d\u2019autres sites<\/strong><\/p>\n<p>Les articles de ce site peuvent inclure des contenus int\u00e9gr\u00e9s (par exemple des vid\u00e9os, images, articles\u2026). Le contenu int\u00e9gr\u00e9 depuis d\u2019autres sites se comporte de la m\u00eame mani\u00e8re que si le visiteur se rendait sur cet autre site.<\/p>\n<p>Ces sites web pourraient collecter des donn\u00e9es sur vous, utiliser des cookies, embarquer des outils de suivis tiers, suivre vos interactions avec ces contenus embarqu\u00e9s si vous disposez d\u2019un compte connect\u00e9 sur leur site web.<\/p>\n<p><strong>Statistiques et mesures d\u2019audience<\/strong><\/p>\n<p>Les statistiques de mesure d\u2019audience du site sont effectu\u00e9es \u00e0 l\u2019aide de Google Analytics.<\/p>\n<p>Cet outil \u00e0 \u00e9t\u00e9 configur\u00e9 de mani\u00e8re \u00e0 \u00eatre totalement conforme \u00e0 la l\u00e9gislation RGPD.<\/p>\n<p>Vous pouvez par ailleurs vous d\u00e9sinscrire en suivant le lien suivant:<\/p>\n<p><a href=\"https:\/\/tools.google.com\/dlpage\/gaoptout\">https:\/\/tools.google.com\/dlpage\/gaoptout<\/a><\/p>\n<p><strong>Utilisation et transmission de vos donn\u00e9es personnelles<\/strong><\/p>\n<p><strong>Dur\u00e9es de stockage de vos donn\u00e9es<\/strong><\/p>\n<p>Si vous laissez un commentaire, le commentaire et ses m\u00e9tadonn\u00e9es sont conserv\u00e9s ind\u00e9finiment. Cela permet de reconna\u00eetre et approuver automatiquement les commentaires suivants au lieu de les laisser dans la file de mod\u00e9ration.<\/p>\n<p>Pour les utilisateurs et utilisatrices qui s\u2019enregistrent sur notre site (si cela est possible), nous stockons \u00e9galement les donn\u00e9es personnelles indiqu\u00e9es dans leur profil. Tous les utilisateurs et utilisatrices peuvent voir, modifier ou supprimer leurs informations personnelles \u00e0 tout moment (\u00e0 l\u2019exception de leur nom d\u2019utilisateur\u00b7ice). Les gestionnaires du site peuvent aussi voir et modifier ces informations.<\/p>\n<p><strong>Les droits que vous avez sur vos donn\u00e9es<\/strong><\/p>\n<p>Vous pouvez demander \u00e0 recevoir un fichier contenant toutes les donn\u00e9es personnelles que nous poss\u00e9dons \u00e0 votre sujet, incluant celles que vous nous avez fournies. Vous pouvez \u00e9galement demander la suppression des donn\u00e9es personnelles vous concernant.<\/p>\n<p>Cela ne prend pas en compte les donn\u00e9es stock\u00e9es \u00e0 des fins administratives, l\u00e9gales ou pour des raisons de s\u00e9curit\u00e9.<\/p>\n<p>Un formulaire (export ou suppression de mes donn\u00e9es&nbsp;: <a href=\"https:\/\/www.willapi.biz\/?page_id=1460\">https:\/\/www.willapi.biz\/export-ou-suppression-de-mes-donnees\/<\/a> )&nbsp; est disponible \u00e0 cette fin.<\/p>\n<p><strong>Transmission de vos donn\u00e9es personnelles<\/strong><\/p>\n<p>Les commentaires des visiteurs peuvent \u00eatre v\u00e9rifi\u00e9s \u00e0 l\u2019aide d\u2019un service automatis\u00e9 de d\u00e9tection des commentaires ind\u00e9sirables.<\/p>\n<p><strong>Legislation<\/strong><\/p>\n<p>Nous nous engageons \u00e0 respecter les dispositions l\u00e9gislatives \u00e9nonc\u00e9es dans :<\/p>\n<p>Loi sur la protection des renseignements personnels dans le secteur priv\u00e9, RLRQ c P-39.1 ; et\/ou<\/p>\n<p>Loi sur les protection des renseignements personnels et les documents \u00e9lectroniques, LC 2000, c 5. ; et R\u00e8glement g\u00e9n\u00e9ral sur la protection des donn\u00e9es, R\u00e8glement (UE) 2016\/679 du Parlement europ\u00e9en et du Conseil du 27 avril 2016 relatif \u00e0 la protection des personnes physiques \u00e0 l&rsquo;\u00e9gard du traitement des donn\u00e9es \u00e0 caract\u00e8re personnel et \u00e0 la libre circulation de ces donn\u00e9es, et abrogeant la directive 95\/46\u00c9CE (r\u00e8glement g\u00e9n\u00e9ral sur la protection des donn\u00e9es) 2016\/279.<\/p>\n<p>En navigant sur let site, vous attestez avoir lu et compris la pr\u00e9sente politique de confidentialit\u00e9 et en acceptez les conditions, en ce qui concerne plus particuli\u00e8rement la collecte et le traitement de vos renseignements personnels, ainsi que de l&rsquo;utilisation de fichiers t\u00e9moins.<\/p>\n","protected":false},"excerpt":{"rendered":"<p>Qui sommes-nous&nbsp;, quelle politique appliquons nous ? Cette politique s&rsquo;applique au site : https:\/\/www.willapi.biz L\u2019h\u00e9bergeur de ce site est la soci\u00e9t\u00e9 OVH&nbsp;: https:\/\/www.ovh.com\/fr\/ Le respect de votre vie priv\u00e9e est de la<\/p>\n<a class=\"moretag noptoppad\" href=\"https:\/\/www.willapi.biz\/?page_id=1458\">Read More...<\/a>","protected":false},"author":1,"featured_media":0,"parent":0,"menu_order":0,"comment_status":"closed","ping_status":"closed","template":"","meta":{"footnotes":""},"class_list":["post-1458","page","type-page","status-publish","hentry"],"_links":{"self":[{"href":"https:\/\/www.willapi.biz\/index.php?rest_route=\/wp\/v2\/pages\/1458","targetHints":{"allow":["GET"]}}],"collection":[{"href":"https:\/\/www.willapi.biz\/index.php?rest_route=\/wp\/v2\/pages"}],"about":[{"href":"https:\/\/www.willapi.biz\/index.php?rest_route=\/wp\/v2\/types\/page"}],"author":[{"embeddable":true,"href":"https:\/\/www.willapi.biz\/index.php?rest_route=\/wp\/v2\/users\/1"}],"replies":[{"embeddable":true,"href":"https:\/\/www.willapi.biz\/index.php?rest_route=%2Fwp%2Fv2%2Fcomments&post=1458"}],"version-history":[{"count":5,"href":"https:\/\/www.willapi.biz\/index.php?rest_route=\/wp\/v2\/pages\/1458\/revisions"}],"predecessor-version":[{"id":3592,"href":"https:\/\/www.willapi.biz\/index.php?rest_route=\/wp\/v2\/pages\/1458\/revisions\/3592"}],"wp:attachment":[{"href":"https:\/\/www.willapi.biz\/index.php?rest_route=%2Fwp%2Fv2%2Fmedia&parent=1458"}],"curies":[{"name":"wp","href":"https:\/\/api.w.org\/{rel}","templated":true}]}}