
{"id":1166,"date":"2016-04-19T20:40:24","date_gmt":"2016-04-19T20:40:24","guid":{"rendered":"http:\/\/www.willapi.biz\/?page_id=1166"},"modified":"2020-12-21T19:22:06","modified_gmt":"2020-12-21T19:22:06","slug":"choix-du-nuclei","status":"publish","type":"page","link":"https:\/\/www.willapi.biz\/?page_id=1166","title":{"rendered":"Choix du nuclei"},"content":{"rendered":"<p style=\"text-decoration:underline\">\n    <strong>Le Nuclei KIELER<\/strong><\/p>\n<table style=\"border: none;\">\n<tbody>\n<tr class=\"transparente\">\n<td class=\"transparente\"><img decoding=\"async\" src=\"https:\/\/www.willapi.biz\/wp-content\/uploads\/pagechoixdunuclei\/kieler1-700x525.png\" alt=\"\" style=\"margin-left:auto;margin-right:auto;width:100%;\" width=\"70%\" height=\"70%\"><\/td>\n<td class=\"transparente\"><img decoding=\"async\" src=\"https:\/\/www.willapi.biz\/wp-content\/uploads\/pagechoixdunuclei\/kieler2-700x525.png\" alt=\"\" style=\"margin-left:auto;margin-right:auto;width:100%;\" width=\"70%\" height=\"70%\"><\/td>\n<\/tr>\n<\/tbody>\n<\/table>\n<p>C&rsquo;est un nucl\u00e9i de petite taille, qui peut \u00eatre rempli avec moins de 200 grammes jeunes abeilles nourrices pr\u00e9lev\u00e9es sur des cadres de couvain.<\/p>\n<p><strong>Avantages:<\/strong><\/p>\n<div class=\"pad20\">\n<ul id=\"imglist\">\n<li>permet de faire de petites colonies d\u2019abeilles, plus faciles \u00e0 pr\u00e9lever sur les cadres et qui pr\u00e9sentent, par suite, un taux d&rsquo;acceptation \u00e9lev\u00e9.<\/li>\n<li>la colonie d&rsquo;abeille pr\u00e9lev\u00e9es, apr\u00e8s avoir \u00e9t\u00e9 mise en conditions, pourra \u00eatre compl\u00e9t\u00e9e avec une reine vierge ou une cellule royale proche de l&#8217;emergence de la reine.<\/li>\n<\/ul>\n<\/div>\n<p><strong>Inconv\u00e9nients:<\/strong><\/p>\n<div class=\"pad20\">\n<ul id=\"imglist\">\n<li>\n   risque de mortalit\u00e9 en cas de disette.<\/li>\n<li>\n    hivernage impossible car la colonie et le nucl\u00e9i \u00e9tant de petite taille n&rsquo;aura pas la possibilit\u00e9 d&rsquo;accumuler des provisions.<\/li>\n<li>\n    les d\u00e9sertions sont fr\u00e9quentes.<\/li>\n<li>\n    la maturation ovarienne de la reine peut \u00eatre insuffisante.<\/li>\n<\/ul>\n<\/div>\n<p>ce nuclei sera plus particuli\u00e8rement utilis\u00e9 pour la f\u00e9condation et le remplacement des reines dans la saison.<\/p>\n<p><a title=\"\" href=\"https:\/\/www.mottoul.eu\/apiwiki_ver3\/index.php?title=Conduite_de_la_ruchette_Miniplus\" target=\"blank\" rel=\"noopener noreferrer\"> <\/a><\/p>\n<p><a title=\"\" href=\"https:\/\/www.mottoul.eu\/apiwiki_ver3\/index.php?title=Conduite_de_la_ruchette_Miniplus\" target=\"blank\" rel=\"noopener noreferrer\"><\/a><\/p>\n<p><a title=\"\" href=\"https:\/\/www.mottoul.eu\/apiwiki_ver3\/index.php?title=Conduite_de_la_ruchette_Miniplus\" target=\"blank\" rel=\"noopener noreferrer\"><\/a><\/p>\n<p><a title=\"\" href=\"https:\/\/www.mottoul.eu\/apiwiki_ver3\/index.php?title=Conduite_de_la_ruchette_Miniplus\" target=\"blank\" rel=\"noopener noreferrer\"><\/a><\/p>\n<p><a title=\"\" href=\"https:\/\/www.mottoul.eu\/apiwiki_ver3\/index.php?title=Conduite_de_la_ruchette_Miniplus\" target=\"blank\" rel=\"noopener noreferrer\"><\/a><\/p>\n<p><a title=\"\" href=\"https:\/\/www.mottoul.eu\/apiwiki_ver3\/index.php?title=Conduite_de_la_ruchette_Miniplus\" target=\"blank\" rel=\"noopener noreferrer\"><\/a><\/p>\n<p><a title=\"\" href=\"https:\/\/www.mottoul.eu\/apiwiki_ver3\/index.php?title=Conduite_de_la_ruchette_Miniplus\" target=\"blank\" rel=\"noopener noreferrer\"><\/a><\/p>\n<p><a title=\"\" href=\"https:\/\/www.mottoul.eu\/apiwiki_ver3\/index.php?title=Conduite_de_la_ruchette_Miniplus\" target=\"blank\" rel=\"noopener noreferrer\"><\/a><\/p>\n<p><a title=\"\" href=\"https:\/\/www.mottoul.eu\/apiwiki_ver3\/index.php?title=Conduite_de_la_ruchette_Miniplus\" target=\"blank\" rel=\"noopener noreferrer\"><\/a><\/p>\n<p><a title=\"\" href=\"https:\/\/www.mottoul.eu\/apiwiki_ver3\/index.php?title=Conduite_de_la_ruchette_Miniplus\" target=\"blank\" rel=\"noopener noreferrer\"><\/a><\/p>\n<p><a title=\"\" href=\"https:\/\/www.mottoul.eu\/apiwiki_ver3\/index.php?title=Conduite_de_la_ruchette_Miniplus\" target=\"blank\" rel=\"noopener noreferrer\"><\/a><\/p>\n<p><a title=\"\" href=\"https:\/\/www.mottoul.eu\/apiwiki_ver3\/index.php?title=Conduite_de_la_ruchette_Miniplus\" target=\"blank\" rel=\"noopener noreferrer\"><\/p>\n<p style=\"text-decoration:underline\">\n <strong>Le Miniplus<\/strong><\/p>\n<p><\/a><a title=\"\" href=\"https:\/\/www.mottoul.eu\/apiwiki_ver3\/index.php?title=Conduite_de_la_ruchette_Miniplus\" target=\"blank\" rel=\"noopener noreferrer\"><\/a><a title=\"\" href=\"https:\/\/www.mottoul.eu\/apiwiki_ver3\/index.php?title=Conduite_de_la_ruchette_Miniplus\" target=\"blank\" rel=\"noopener noreferrer\"><\/a><a title=\"\" href=\"https:\/\/www.mottoul.eu\/apiwiki_ver3\/index.php?title=Conduite_de_la_ruchette_Miniplus\" target=\"blank\" rel=\"noopener noreferrer\"><\/a><a title=\"\" href=\"https:\/\/www.mottoul.eu\/apiwiki_ver3\/index.php?title=Conduite_de_la_ruchette_Miniplus\" target=\"blank\" rel=\"noopener noreferrer\"><\/a><a title=\"\" href=\"https:\/\/www.mottoul.eu\/apiwiki_ver3\/index.php?title=Conduite_de_la_ruchette_Miniplus\" target=\"blank\" rel=\"noopener noreferrer\"><\/a><a title=\"\" href=\"https:\/\/www.mottoul.eu\/apiwiki_ver3\/index.php?title=Conduite_de_la_ruchette_Miniplus\" target=\"blank\" rel=\"noopener noreferrer\"><\/a><a title=\"\" href=\"https:\/\/www.mottoul.eu\/apiwiki_ver3\/index.php?title=Conduite_de_la_ruchette_Miniplus\" target=\"blank\" rel=\"noopener noreferrer\"><\/a><a title=\"\" href=\"https:\/\/www.mottoul.eu\/apiwiki_ver3\/index.php?title=Conduite_de_la_ruchette_Miniplus\" target=\"blank\" rel=\"noopener noreferrer\"><\/a><a title=\"\" href=\"https:\/\/www.mottoul.eu\/apiwiki_ver3\/index.php?title=Conduite_de_la_ruchette_Miniplus\" target=\"blank\" rel=\"noopener noreferrer\"><\/a><a title=\"\" href=\"https:\/\/www.mottoul.eu\/apiwiki_ver3\/index.php?title=Conduite_de_la_ruchette_Miniplus\" target=\"blank\" rel=\"noopener noreferrer\"><\/a><a title=\"\" href=\"https:\/\/www.mottoul.eu\/apiwiki_ver3\/index.php?title=Conduite_de_la_ruchette_Miniplus\" target=\"blank\" rel=\"noopener noreferrer\"><\/a><\/p>\n<table style=\"border: none;\">\n<tbody>\n<tr class=\"transparente\">\n<td class=\"transparente\"><img decoding=\"async\" src=\"https:\/\/www.willapi.biz\/wp-content\/uploads\/pagechoixdunuclei\/miniplus1-700x525.png\" alt=\"\" style=\"margin-left:auto;margin-right:auto;width:100%;\" width=\"70%\" height=\"70%\"><\/td>\n<td class=\"transparente\"><img decoding=\"async\" src=\"https:\/\/www.willapi.biz\/wp-content\/uploads\/pagechoixdunuclei\/miniplus2-700x525.png\" alt=\"\" style=\"margin-left:auto;margin-right:auto;width:100%;\" width=\"70%\" height=\"70%\"><\/td>\n<\/tr>\n<\/tbody>\n<\/table>\n<p><strong>Avantages:<\/strong><\/p>\n<div class=\"pad20\">\n<ul id=\"imglist\">\n<li>\n    contient plus d&rsquo;abeilles que le Kieler.<\/li>\n<li>\n    certains cadres, regroup\u00e9s par deux, ont la taille d&rsquo;un cadre de hausse.<\/li>\n<li>\n    il est possible d&#8217;empiler les corps ce qui permet un meilleur d\u00e9veloppement de la colonie<\/li>\n<li>\n    hivernage possible, de pr\u00e9f\u00e9rence sur (au moins) deux corps.<\/li>\n<li>\n     permet l&rsquo;\u00e9levage de reines.<\/li>\n<\/ul>\n<\/div>\n<p><strong>Inconv\u00e9nients:<\/strong><\/p>\n<div class=\"pad20\">\n<ul id=\"imglist\">\n<li>\n    demande plus d&rsquo;abeilles pour le peuplement que le Kieler.<\/li>\n<li>\n   introduction de reines plus d\u00e9licates.<\/li>\n<li>\n    essaime facilement<\/li>\n<\/ul>\n<\/div>\n<p style=\"text-decoration:underline\">\n    <strong>Le Nucl\u00e9i Mixte (format 1\/2 hausse)<\/strong><\/p>\n<table style=\"border: none;\">\n<tbody>\n<tr class=\"transparente\">\n<td style=\"text-align:center;border:none;\">\n<img decoding=\"async\" src=\"https:\/\/www.willapi.biz\/wp-content\/uploads\/pagechoixdunuclei\/nucleimixte-700x525.JPG\" alt=\"\" width=\"75%\" height=\"75%\"><\/td>\n<\/tr>\n<\/tbody>\n<\/table>\n<p><strong>Avantages:<\/strong><\/p>\n<div class=\"pad20\">\n<ul id=\"imglist\">\n<li>\n    contient plus d&rsquo;abeilles que le Miniplus.<\/li>\n<li>\n    peut aussi \u00eatre peupl\u00e9 avec des cadres de hausses.<\/li>\n<li>\n    peut \u00eatre peupl\u00e9 avec des cadrons de mini-plus (12 cadrons maximum dont un nourisseur).<br \/>\nle nourisseur forme alors une partition qui permet d&rsquo;\u00e9tendre la colonie au fur et \u00e0 mesure de son d\u00e9veloppement.<\/li>\n<li>\n      peut hiverner. A cette fin on constituera des regroupement de nucl\u00e9is en \u00ab\u00a0groupes de chaleur\u00a0\u00bb.<\/li>\n<\/ul>\n<\/div>\n<p><strong>Inconv\u00e9nients:<\/strong><\/p>\n<div class=\"pad20\">\n<ul id=\"imglist\">\n<li>\n    demande plus d&rsquo;abeilles pour le peuplement.<\/li>\n<li>\n    introduction de reines plus d\u00e9licates.<\/li>\n<\/ul>\n<\/div>\n","protected":false},"excerpt":{"rendered":"<p>Le Nuclei KIELER C&rsquo;est un nucl\u00e9i de petite taille, qui peut \u00eatre rempli avec moins de 200 grammes jeunes abeilles nourrices pr\u00e9lev\u00e9es sur des cadres de couvain. Avantages: permet de faire de<\/p>\n<a class=\"moretag noptoppad\" href=\"https:\/\/www.willapi.biz\/?page_id=1166\">Read More...<\/a>","protected":false},"author":1,"featured_media":0,"parent":0,"menu_order":0,"comment_status":"closed","ping_status":"closed","template":"","meta":{"footnotes":""},"class_list":["post-1166","page","type-page","status-publish","hentry"],"_links":{"self":[{"href":"https:\/\/www.willapi.biz\/index.php?rest_route=\/wp\/v2\/pages\/1166","targetHints":{"allow":["GET"]}}],"collection":[{"href":"https:\/\/www.willapi.biz\/index.php?rest_route=\/wp\/v2\/pages"}],"about":[{"href":"https:\/\/www.willapi.biz\/index.php?rest_route=\/wp\/v2\/types\/page"}],"author":[{"embeddable":true,"href":"https:\/\/www.willapi.biz\/index.php?rest_route=\/wp\/v2\/users\/1"}],"replies":[{"embeddable":true,"href":"https:\/\/www.willapi.biz\/index.php?rest_route=%2Fwp%2Fv2%2Fcomments&post=1166"}],"version-history":[{"count":9,"href":"https:\/\/www.willapi.biz\/index.php?rest_route=\/wp\/v2\/pages\/1166\/revisions"}],"predecessor-version":[{"id":3501,"href":"https:\/\/www.willapi.biz\/index.php?rest_route=\/wp\/v2\/pages\/1166\/revisions\/3501"}],"wp:attachment":[{"href":"https:\/\/www.willapi.biz\/index.php?rest_route=%2Fwp%2Fv2%2Fmedia&parent=1166"}],"curies":[{"name":"wp","href":"https:\/\/api.w.org\/{rel}","templated":true}]}}