
{"id":1137,"date":"2016-04-18T07:53:16","date_gmt":"2016-04-18T07:53:16","guid":{"rendered":"http:\/\/www.willapi.biz\/?page_id=1137"},"modified":"2020-12-21T18:49:13","modified_gmt":"2020-12-21T18:49:13","slug":"vie-sociale","status":"publish","type":"page","link":"https:\/\/www.willapi.biz\/?page_id=1137","title":{"rendered":"Vie sociale"},"content":{"rendered":"<p><strong>L&rsquo;abeille, un insecte social:<\/strong><\/p>\n<p>Les abeilles font partie des insectes sociaux sont qui s&rsquo;organisent en colonies regroupant un nombre vari\u00e9 de repr\u00e9sentants. Parmi les insectes sociaux, on compte :<\/p>\n<div class=\"pad20\">\n<ul id=\"imglist\">\n<li><span>toutes les esp\u00e8ces de fourmis<\/span><\/li>\n<li><span>toutes les esp\u00e8ces de termites<\/span><\/li>\n<li><span>certaines esp\u00e8ces d&rsquo;abeilles<\/span><\/li>\n<li><span>certaines esp\u00e8ces de gu\u00eapes<\/span><\/li>\n<\/ul>\n<\/div>\n<p>La structure sociale adopt\u00e9e permet une division du travail n\u00e9cessaire \u00e0 la vie de la colonie.Cette organisation sociale serait \u00e9troitement li\u00e9e au mode de reproduction particulier de l&rsquo;abeille.<\/p>\n<p>Dans une colonie, chaque abeille d\u00e9pend des autres individus et les interactions entre individus sont complexes.<\/p>\n<p>Vue sous un certain angle, cette colonie d\u2019insectes peut \u00eatre consid\u00e9r\u00e9e comme un seul organisme, un \u00ab\u00a0super-organisme\u00a0\u00bb dont les individus sont des \u00ab\u00a0cellules\u00a0\u00bb qui se nourrit, conserve la temp\u00e9rature de son corps(comme les mammif\u00e8res), se reproduit.<\/p>\n<p>Une colonie est compos\u00e9e de la <strong>reine<\/strong>, des <strong>ouvri\u00e8res <\/strong>et des <strong>m\u00e2les<\/strong> appel\u00e9s aussi <strong>faux-bourdons<\/strong>.<\/p>\n<p align=\"center\"><img decoding=\"async\" src=\"https:\/\/www.willapi.biz\/wp-content\/uploads\/pagelesabeilles\/abeillescastes.jpg\" alt=\"\" width=\"50%\" height=\"50%\"><\/p>\n<p>Une colonie d&rsquo;abeilles comporte en moyenne 40000 individus. La <strong>reine<\/strong>, est la seule femelle fertile de la colonie.<\/p>\n<p>Morphologiquement son abdomen est plus allong\u00e9 et moins poilu que celui des ouvri\u00e8res et de ce fait bien adapt\u00e9 \u00e0 la ponte dans les alv\u00e9oles.<\/p>\n<p>Les <strong>ouvri\u00e8res, <\/strong>sont des femelles st\u00e9riles dont le fonctionnement ovarien est bloqu\u00e9 par des ph\u00e9romones \u00e9mises de la reine.<\/p>\n<p>En principe, une reine peut vivre jusqu&rsquo;\u00e0 cinq ans, alors qu&rsquo;une ouvri\u00e8re d&rsquo;hiver vit quelques mois et une ouvri\u00e8re d&rsquo;\u00e9t\u00e9 quelques semaines.<br \/>\nCependant, dans les conditions environnementales actuelles, on observe un raccourcissement de la dur\u00e9e de vie de la reine et une moindre fertilit\u00e9.<\/p>\n<p>Quand aux m\u00e2les, les <strong>faux-bourdons<\/strong>, on en compte environ 5000 par colonie.Le nombre de m\u00e2les pr\u00e9sents dans la colonie est un reflet de la sant\u00e9 de cette derni\u00e8re, \u00e0 l&rsquo;exception des colonies dites bourdonneuses, colonies qui ont perdu leur reine, et qui se trouvant dans l&rsquo;incapacit\u00e9 d&rsquo;en produire une, se mettent \u00e0 produire des m\u00e2les en quantit\u00e9.<br \/>\nLes m\u00e2les sont issus d&rsquo;ovules non f\u00e9cond\u00e9es: c&rsquo;est une des particularit\u00e9 du mode de reproduction de l&rsquo;abeille<br \/>\nLes m\u00e2les ne sont pr\u00e9sent dans la ruche que durant la p\u00e9riode de reproduction, c&rsquo;est \u00e0 dire \u00e0 partir du d\u00e9but du printemps.A l&rsquo;automne Ils sont chass\u00e9s par les ouvri\u00e8res, car ils deviennent des bouches inutiles \u00e0 nourrir, \u00e9tant incapables de se nourir seuls, ils disparaissent alors.<\/p>\n","protected":false},"excerpt":{"rendered":"<p>L&rsquo;abeille, un insecte social: Les abeilles font partie des insectes sociaux sont qui s&rsquo;organisent en colonies regroupant un nombre vari\u00e9 de repr\u00e9sentants. Parmi les insectes sociaux, on compte : toutes les esp\u00e8ces<\/p>\n<a class=\"moretag noptoppad\" href=\"https:\/\/www.willapi.biz\/?page_id=1137\">Read More...<\/a>","protected":false},"author":1,"featured_media":0,"parent":0,"menu_order":0,"comment_status":"closed","ping_status":"closed","template":"","meta":{"footnotes":""},"class_list":["post-1137","page","type-page","status-publish","hentry"],"_links":{"self":[{"href":"https:\/\/www.willapi.biz\/index.php?rest_route=\/wp\/v2\/pages\/1137","targetHints":{"allow":["GET"]}}],"collection":[{"href":"https:\/\/www.willapi.biz\/index.php?rest_route=\/wp\/v2\/pages"}],"about":[{"href":"https:\/\/www.willapi.biz\/index.php?rest_route=\/wp\/v2\/types\/page"}],"author":[{"embeddable":true,"href":"https:\/\/www.willapi.biz\/index.php?rest_route=\/wp\/v2\/users\/1"}],"replies":[{"embeddable":true,"href":"https:\/\/www.willapi.biz\/index.php?rest_route=%2Fwp%2Fv2%2Fcomments&post=1137"}],"version-history":[{"count":3,"href":"https:\/\/www.willapi.biz\/index.php?rest_route=\/wp\/v2\/pages\/1137\/revisions"}],"predecessor-version":[{"id":3482,"href":"https:\/\/www.willapi.biz\/index.php?rest_route=\/wp\/v2\/pages\/1137\/revisions\/3482"}],"wp:attachment":[{"href":"https:\/\/www.willapi.biz\/index.php?rest_route=%2Fwp%2Fv2%2Fmedia&parent=1137"}],"curies":[{"name":"wp","href":"https:\/\/api.w.org\/{rel}","templated":true}]}}