
{"id":1118,"date":"2016-04-17T18:14:18","date_gmt":"2016-04-17T18:14:18","guid":{"rendered":"http:\/\/www.willapi.biz\/?page_id=1118"},"modified":"2026-03-07T11:04:56","modified_gmt":"2026-03-07T11:04:56","slug":"vente-dessaims-et-de-reines","status":"publish","type":"page","link":"https:\/\/www.willapi.biz\/?page_id=1118","title":{"rendered":"Vente d&rsquo;essaims et de reines"},"content":{"rendered":"<div class=\"flex-container\">\n<div class=\"item auto\">\n<!--\n\n<div class=\"pad20\">\n\n\n<ul id=\"imglist1\">\n \t\n\n<li>Les abeilles repr\u00e9sentent \u00e0 elles seules 60 \u00e0 90% de la faune pollinisatrice.<\/li>\n\n\n \t\n\n<li>Plus de 80% des esp\u00e8ces v\u00e9g\u00e9tales dans le monde et 84% des esp\u00e8ces cultiv\u00e9es en Europe d\u00e9pendent directement de la pollinisation.<\/li>\n\n\n \t\n\n<li>Notre alimentation d\u00e9pend pour pr\u00e8s de 40% de la pollinisation.<\/li>\n\n\n \t\n\n<li>Pour les productions de fruits telles que les pommes,les abricots, les m\u00fbres, les cerises, les groseilles et de l\u00e9gumes comme le brocolis, le chou de Bruxelles, le chou-fleur, la carotte, la tomate, le concombre, l'oignon, le radis, la courgette et le navet la pollinisation est assur\u00e9e pour plus de 50% par les abeilles.<\/li>\n\n\n \t\n\n<li>Pour les cultures fourrag\u00e8res telles la luzerne ou le tr\u00e8fle la pollinisation est assur\u00e9e pour plus de 50% par les abeilles.<\/li>\n\n\n<\/ul>\n\n\n<\/div>\n\n\n-->\n<\/div>\n<\/div>\n<div class=\"flex-container\">\n<div class=\"item auto\">\n<img decoding=\"async\" style=\"display:inline;text-align:center;margin:auto;padding:1px;border:1px solid #021a40;\" alt=\"\" heigth=\"100%\" src=\"https:\/\/www.willapi.biz\/wp-content\/uploads\/pageessaimssurcadres\/IMG_1505-1.JPG\" width=\"100%\">\n<\/div>\n<div class=\"item auto\">\n<div style=\"margin-top:30px;\">\n <img decoding=\"async\" style=\"display:inline;;float:right;padding:1px;border:1px solid #021a40;\" alt=\"\" heigth=\"100%\" src=\"https:\/\/www.willapi.biz\/wp-content\/uploads\/pageessaimssurcadres\/IMG_3215-1.JPG\" width=\"50%\">\n<\/div>\n<div >\n<img decoding=\"async\" style=\"display:inline;float:right;padding:1px;border:1px solid #021a40;\" alt=\"\" heigth=\"100%\" src=\"https:\/\/www.willapi.biz\/wp-content\/uploads\/pageessaimssurcadres\/IMG_3211.png\" width=\"50%\">\n <\/div>\n<\/p><\/div>\n<\/p><\/div>\n<div class=\"flex-container\">\n<div class=\"item auto\">\n<p class=\"hxtitre\">Essaims<\/p>\n<p>   <\/p>\n<p   style=\"color:var(--titre-footer);font-weight: normal; font-size:16px;\"> Tarifs:<\/p>\n<p><\/p>\n<p style=\"color:red;font-weight:bold\"> pour toute information complementaires utilisez le formulaire de contact <\/p>\n<p>   <span class=\"monBR\"><\/span><\/p>\n<p>Essaims Abeilles noires originaires du Morvan et buckfast.<\/p>\n<p>\t<span class=\"monBR\"><\/span><\/p>\n<p>       Essaims sur 6 cadres Dadant: 206,00 Euros HT<br \/>\n              Essaim sur 5 cadres Dadant: 179,00 Euros HT<br \/>\n\t\t\t  Essaims sur 5 cadres de Hausses (Disponibles \u00e0 la sortie de l&rsquo;hiver):  140,00 Euros HT<\/p>\n<p>\t\t\t  TVA: 5,5% sur les essaims.\n\t<\/p>\n<p style=\"text-align: center;\">\n\t<a title=\"\" href=\"https:\/\/www.willapi.biz\/wp-content\/uploads\/pagetarifs\/Willapi_Tarifs.pdf\" target=\"blank\" rel=\"noopener noreferrer\">Tarifs 2026 des essaims sur cadres:<\/a>\n\t<\/p>\n<p><\/p>\n<\/p><\/div>\n<div class=\"item auto\">\n<p class=\"hxtitre\">Reines f\u00e9cond\u00e9es<\/p>\n<p><\/p>\n<p   style=\"color:var(--titre-footer);font-weight: normal;font-size:16px;\">Tarifs: 35 Euros HT<\/p>\n<p><\/p>\n<p>\n Reines de l&rsquo;ann\u00e9e, f\u00e9cond\u00e9es en f\u00e9condation naturelle.<br \/>\n <span class=\"monBR\"><\/span><br \/>\n <span class=\"monBR\"><\/span><br \/>\n <span class=\"monBR\"><\/span><br \/>\n <span class=\"monBR\"><\/span><br \/>\n <span class=\"monBR\"><\/span>\n <\/p>\n<p style=\"text-align: center;\"><img decoding=\"async\" style=\"text-align: center; width: 100%; height: 100%;\" src=\"https:\/\/www.willapi.biz\/wp-content\/themes\/i-design-willapi\/images\/pages-images\/page-essaims-reines\/reine-1.jpg\" alt=\"\"><\/p>\n<p> <\/p>\n<p style=\"text-align: center;\"><img decoding=\"async\" style=\"text-align: center; width: 100%; height: 100%;\" src=\"https:\/\/www.willapi.biz\/wp-content\/themes\/i-design-willapi\/images\/pages-images\/page-essaims-reines\/reine-4.jpg\" alt=\"\"><\/p>\n<p><\/p>\n<p style=\"text-align: center;\"><img decoding=\"async\" style=\"text-align: center; width: 100%; height: 100%;\" src=\"https:\/\/www.willapi.biz\/wp-content\/themes\/i-design-willapi\/images\/pages-images\/page-essaims-reines\/reine-2.jpg\" alt=\"\"><\/p>\n<\/p><\/div>\n<div class=\"item auto\">\n<p class=\"hxtitre\">Cellules royales<\/p>\n<p><\/p>\n<p   style=\"color:var(--titre-footer);font-weight: normal;font-size:16px;\"> Tarif: 15 Euros HT<\/p>\n<p><\/p>\n<p>En fonctions des disponibilit\u00e9s, des cellules royales sont r\u00e9cup\u00e9rables.<\/p>\n<p><p>Du fait de leur fragilit\u00e9, aucune exp\u00e9dition ne peut \u00eatre envisag\u00e9e.<\/p>\n<p><\/p>\n<p style=\"text-align: center;\"><img decoding=\"async\" style=\"text-align: center; width: 37%; height: 37%;\" src=\"https:\/\/www.willapi.biz\/wp-content\/themes\/i-design-willapi\/images\/pages-images\/page-essaims-reines\/cell-02.png\" alt=\"\"><\/p>\n<p><\/p>\n<p style=\"text-align: center;\"><img decoding=\"async\" style=\"text-align: center; width: 100%; height: 120%;\" src=\"https:\/\/www.willapi.biz\/wp-content\/themes\/i-design-willapi\/images\/pages-images\/page-essaims-reines\/bigoudi.png\" alt=\"\"><\/p>\n<p><\/p>\n<p style=\"text-align: center;\"><img decoding=\"async\" style=\"text-align: center; width: 100%; height: 100%;\" src=\"https:\/\/www.willapi.biz\/wp-content\/themes\/i-design-willapi\/images\/pages-images\/page-essaims-reines\/reinevierge-01.png\" alt=\"\"><\/p>\n<p>\n   <!--\n\n<p style=\"text-align: center;\"><img decoding=\"async\" style=\"text-align: center; width: 30%; height: 30%;\" src=\"http:\/\/localhost\/wordpresswillapiboutique\/wp-content\/themes\/i-design-willapi\/images\/pages-images\/page-essaims-reines\/cell-02.png\" alt=\"\"><\/p>\n\n --><\/p>\n<\/div>\n<\/div>\n<div class=\"one\">\n<!--\n\n\n<div align=\"center\"><a class=\"bouton_a\" href=\"https:\/\/www.willapi.biz\/wp-content\/uploads\/pagebondecommande\/bon-commande-willapi-2024.pdf\" target=\"_blank\" rel=\"nofollow noopener noreferrer\">Commander<\/a><\/div>\n\n\n-->\n<\/div>\n","protected":false},"excerpt":{"rendered":"<p>Essaims Tarifs: pour toute information complementaires utilisez le formulaire de contact Essaims Abeilles noires originaires du Morvan et buckfast. Essaims sur 6 cadres Dadant: 206,00 Euros HT Essaim sur 5 cadres Dadant:<\/p>\n<a class=\"moretag noptoppad\" href=\"https:\/\/www.willapi.biz\/?page_id=1118\">Read More...<\/a>","protected":false},"author":1,"featured_media":0,"parent":0,"menu_order":0,"comment_status":"closed","ping_status":"closed","template":"","meta":{"footnotes":""},"class_list":["post-1118","page","type-page","status-publish","hentry"],"_links":{"self":[{"href":"https:\/\/www.willapi.biz\/index.php?rest_route=\/wp\/v2\/pages\/1118","targetHints":{"allow":["GET"]}}],"collection":[{"href":"https:\/\/www.willapi.biz\/index.php?rest_route=\/wp\/v2\/pages"}],"about":[{"href":"https:\/\/www.willapi.biz\/index.php?rest_route=\/wp\/v2\/types\/page"}],"author":[{"embeddable":true,"href":"https:\/\/www.willapi.biz\/index.php?rest_route=\/wp\/v2\/users\/1"}],"replies":[{"embeddable":true,"href":"https:\/\/www.willapi.biz\/index.php?rest_route=%2Fwp%2Fv2%2Fcomments&post=1118"}],"version-history":[{"count":69,"href":"https:\/\/www.willapi.biz\/index.php?rest_route=\/wp\/v2\/pages\/1118\/revisions"}],"predecessor-version":[{"id":17455,"href":"https:\/\/www.willapi.biz\/index.php?rest_route=\/wp\/v2\/pages\/1118\/revisions\/17455"}],"wp:attachment":[{"href":"https:\/\/www.willapi.biz\/index.php?rest_route=%2Fwp%2Fv2%2Fmedia&parent=1118"}],"curies":[{"name":"wp","href":"https:\/\/api.w.org\/{rel}","templated":true}]}}