
{"id":1110,"date":"2016-04-17T10:31:10","date_gmt":"2016-04-17T10:31:10","guid":{"rendered":"http:\/\/www.willapi.biz\/?page_id=1110"},"modified":"2021-01-15T19:37:36","modified_gmt":"2021-01-15T19:37:36","slug":"parasites1","status":"publish","type":"page","link":"https:\/\/www.willapi.biz\/?page_id=1110","title":{"rendered":"Parasites"},"content":{"rendered":"<p><strong> <font size=\"3\" style=\"text-decoration: underline;\">T\u00e9l\u00e9chargements:<\/font><\/strong><\/p>\n<p><\/p>\n<table>\n<tbody>\n<tr class=\"transparente\">\n<td class=\"transparente\">\n<p ><span><a title=\"\" href=\"https:\/\/www.willapi.biz\/wp-content\/uploads\/download\/PetitColeo.pdf\" target=\"blank\" rel=\"noopener\">Plaquette sur le petit col\u00e9opt\u00e8re (Cat. 1)<\/a><\/span><\/p>\n<\/td>\n<td class=\"transparente\" >\n<div class=\"pad40\"><\/div>\n<\/td>\n<td class=\"transparente\" >\n<p><img decoding=\"async\" src=\"https:\/\/willapi.biz\/wp-content\/uploads\/pagesanitaire\/aethinathumida.png\" alt=\"\" width=\"55%\" height=\"55%\"\/><\/p>\n<\/td>\n<td class=\"transparente\">\n<p ><span ><a title=\"\" href=\"https:\/\/www.willapi.biz\/wp-content\/uploads\/download\/le-petit-coleoptere-jp-faucon.pdf\" target=\"blank\" rel=\"noopener\">Un document de J.P Faucon<\/a><\/span><\/p>\n<\/td>\n<td class=\"transparente\" >\n<div class=\"pad60\">&nbsp;<\/div>\n<\/td>\n<\/tr>\n<\/tbody>\n<\/table>\n<table>\n<tbody>\n<tr class=\"transparente\">\n<td class=\"transparente\">\n<p><span><a title=\"\" href=\"https:\/\/www.willapi.biz\/wp-content\/uploads\/download\/Tropilaelaps.pdf\" target=\"blank\" rel=\"noopener\"><br \/>\n    Plaquette sur Tropilaelaps( Cat. 1)<\/a><br \/>\n  <\/span><\/p>\n<\/td>\n<td class=\"transparente\" >\n<div class=\"pad40\">&nbsp;<\/div>\n<\/td>\n<td class=\"transparente\">\n<p><img decoding=\"async\" src=\"https:\/\/willapi.biz\/wp-content\/uploads\/pagesanitaire\/tropilaelaps.png\" alt=\"\" width=\"70%\" height=\"70%\"\/><\/p>\n<\/td>\n<\/tr>\n<\/tbody>\n<\/table>\n<table>\n<tbody>\n<tr class=\"transparente\">\n<td class=\"transparente\" width=\"30%\">\n<p><span><a title=\"\" href=\"https:\/\/www.willapi.biz\/wp-content\/uploads\/download\/Identification_Vespa_velutina.pdf\" target=\"blank\" rel=\"noopener\"><br \/>\n   Identification du frelon asiatique (Cat. 2)<\/a><\/span><\/p>\n<\/td>\n<td class=\"transparente\" >\n<div class=\"pad40\">&nbsp;<\/div>\n<\/td>\n<td class=\"transparente\">\n<p><img decoding=\"async\" src=\"https:\/\/willapi.biz\/wp-content\/uploads\/pagesanitaire\/frelonasiatique.jpg\" alt=\"\" width=\"65%\" height=\"65%\"\/><\/p>\n<\/td>\n<td class=\"transparente\">\n<p><strong>Informations:<\/strong><\/p>\n<ul id=\"imglist\">\n<span> <\/p>\n<li>\n <a title=\"\" href=\"https:\/\/itsap.asso.fr\/pages_thematiques\/ravageurs-maladies\/mise-en-place-lutte-contre-frelon-asiatique-vespa-velutina\/\"target=\"_blank\">ITSAP lutte contre le frelon asiatique<\/a>\n<\/li>\n<li>\n<a title=\"\" href=\"https:\/\/frelonasiatique.mnhn.fr\/\"target=\"_blank\">Reseau de surveillance du frelon asiatique<\/a>\n<\/li>\n<li>\n<a title=\"\" href=\"https:\/\/inpn.mnhn.fr\/espece\/cd_nom\/433589\"target=\"_blank\">INPN vespa velutina<\/a>\n<\/li>\n<p> <\/span>\n <\/ul>\n<\/td>\n<\/tr>\n<tr class=\"transparente\">\n<td class=\"transparente\">\n<p><span><a title=\"\" href=\"https:\/\/www.willapi.biz\/wp-content\/uploads\/download\/vd_cycle_et_dev_160114.pdf\" target=\"blank\" rel=\"noopener\"><br \/>\n   Varroa:Cycle de developpement (Cat. 2)<\/a><\/span><\/p>\n<\/td>\n<td class=\"transparente\" >&nbsp;<\/td>\n<td class=\"transparente\">\n<p><div class=\"pad60\"><img decoding=\"async\" src=\"https:\/\/willapi.biz\/wp-content\/uploads\/pagesanitaire\/varroa.jpg\" alt=\"\" width=\"60%\"  height=\"60%\"\/><\/div>\n<\/p>\n<\/td>\n<td class=\"transparente\">\n<ul id=\"imglist\">\n<span> <\/p>\n<li>\n<p ><a title=\"\" href=\"https:\/\/www.willapi.biz\/wp-content\/uploads\/download\/traitements_de_la_varroosegdsa84032008.pdf\" target=\"blank\" rel=\"noopener\">Traitements non-bios et bios<\/a><\/p>\n<\/li>\n<li>\n<p ><a title=\"\" href=\"https:\/\/www.willapi.biz\/wp-content\/uploads\/download\/1531-varroase.pdf\" target=\"blank\" rel=\"noopener\">Traitements bios<\/a><\/p>\n<\/li>\n<li>\n<p ><a title=\"\" href=\"https:\/\/www.abeilles.ch\/index.php?id=758\" target=\"blank\" rel=\"noopener\">Chez nos amis suisses<\/a><\/p>\n<\/li>\n<p><\/span>\n<\/ul>\n<\/td>\n<td class=\"transparente\" >\n<div class=\"pad60\">&nbsp;<\/div>\n<\/td>\n<\/tr>\n<\/tbody>\n<\/table>\n<p><a href=\"https:\/\/www.willapi.biz\/?page_id=1106\">Retour<\/a><\/p>\n","protected":false},"excerpt":{"rendered":"<p>T\u00e9l\u00e9chargements: Plaquette sur le petit col\u00e9opt\u00e8re (Cat. 1) Un document de J.P Faucon &nbsp; Plaquette sur Tropilaelaps( Cat. 1) &nbsp; Identification du frelon asiatique (Cat. 2) &nbsp; Informations: ITSAP lutte contre le<\/p>\n<a class=\"moretag noptoppad\" href=\"https:\/\/www.willapi.biz\/?page_id=1110\">Read More...<\/a>","protected":false},"author":1,"featured_media":0,"parent":0,"menu_order":0,"comment_status":"closed","ping_status":"closed","template":"","meta":{"footnotes":""},"class_list":["post-1110","page","type-page","status-publish","hentry"],"_links":{"self":[{"href":"https:\/\/www.willapi.biz\/index.php?rest_route=\/wp\/v2\/pages\/1110","targetHints":{"allow":["GET"]}}],"collection":[{"href":"https:\/\/www.willapi.biz\/index.php?rest_route=\/wp\/v2\/pages"}],"about":[{"href":"https:\/\/www.willapi.biz\/index.php?rest_route=\/wp\/v2\/types\/page"}],"author":[{"embeddable":true,"href":"https:\/\/www.willapi.biz\/index.php?rest_route=\/wp\/v2\/users\/1"}],"replies":[{"embeddable":true,"href":"https:\/\/www.willapi.biz\/index.php?rest_route=%2Fwp%2Fv2%2Fcomments&post=1110"}],"version-history":[{"count":14,"href":"https:\/\/www.willapi.biz\/index.php?rest_route=\/wp\/v2\/pages\/1110\/revisions"}],"predecessor-version":[{"id":3899,"href":"https:\/\/www.willapi.biz\/index.php?rest_route=\/wp\/v2\/pages\/1110\/revisions\/3899"}],"wp:attachment":[{"href":"https:\/\/www.willapi.biz\/index.php?rest_route=%2Fwp%2Fv2%2Fmedia&parent=1110"}],"curies":[{"name":"wp","href":"https:\/\/api.w.org\/{rel}","templated":true}]}}