
{"id":1080,"date":"2016-04-17T09:31:13","date_gmt":"2016-04-17T09:31:13","guid":{"rendered":"http:\/\/www.willapi.biz\/?page_id=1080"},"modified":"2020-12-22T07:56:32","modified_gmt":"2020-12-22T07:56:32","slug":"la-communication-visible1","status":"publish","type":"page","link":"https:\/\/www.willapi.biz\/?page_id=1080","title":{"rendered":"La communication visible"},"content":{"rendered":"<p>\nLes abeilles communiquent entre elles. Cela se remarque en particulier lors des p\u00e9riodes de disettes-quand les abeilles ne trouvent pas de nectar- il suffit qu&rsquo;un peu de miel soit mis \u00e0 la disposition d&rsquo;une abeille et rapidement, il en arrive d&rsquo;autres jusqu&rsquo;\u00e0 l&rsquo;invasion. Ce simple fait montre que les abeilles sont capables de se transmettre des informations.\n<\/p>\n<p>\nC\u2019est Karl von Frisch, prix Nobel de M\u00e9decine\/Physiologie en 1973 qui a mis en \u00e9vidence cette forme de communication, Il a consign\u00e9 ses observations dans son ouvrage \u00abLe langage de la danse et de la communication des abeilles\u00bb.\n<\/p>\n<p>\nDans ce mode de communication les abeilles se transmettent les informations au moyen de \u00ab danses \u00bb tr\u00e8s \u00e9labor\u00e9es.<br \/>\nIl existe une grande vari\u00e9t\u00e9 de danse associ\u00e9es aux nombreuses activit\u00e9s de l&rsquo;abeille.\n<\/p>\n<p><span style=\"text-decoration:underline;\"><strong>Les diff\u00e9rents types de danses:<\/strong><\/span><\/p>\n<p>\nOn distingue , en particulier les danses de recrutement, utilis\u00e9es pour communiquer les informations associ\u00e9es \u00e0 la recherche de la nourriture:\n<\/p>\n<div class=\"pad20\">\n<ul id=\"imglist\">\n<li><span>La danse en rond<\/span><\/li>\n<li><span>La danse oscillante<\/span><\/li>\n<li><span>Les danses de transition<\/span><\/li>\n<li><span>La danse Vibratoire dorso-ventrale<\/span><\/li>\n<li><span>La danse bousculante<\/span><\/li>\n<li><span>La danse spasmodique<\/span><\/li>\n<li><span>La course bourdonnante<\/span><\/li>\n<li><span>La danse secouante<\/span><\/li>\n<li><span>La danse de nettoyage<\/span><\/li>\n<\/ul>\n<\/div>\n<p><strong>La danse en rond<\/strong><\/p>\n<p>\nL&rsquo;abeille , apr\u00e8s avoir trouv\u00e9 une source de nourriture (nectar ou pollen) rentre \u00e0 la ruche, r\u00e9gurgite un peu de nectar puis ex\u00e9cute la danse. Les recruespotentielles suivent la danse \u00e0 l&rsquo;aide de leurs antennes. Gr\u00e2ce \u00e0 la r\u00e9gurgitation, elles connaissent le type de nourriture \u00e0 rechercher. Elles pr\u00e9l\u00e8vent un peu de miel afin d&rsquo;avoir de l&rsquo;\u00e9nergie pour le vol et sortent \u00e0 leur tour de la ruche. Elles d\u00e9crivent des cercles de plus en plus larges autour de la ruche jusqu&rsquo;\u00e0 trouver la nourriture La danse en rond est ex\u00e9cut\u00e9e si la source de nourriture est situ\u00e9e \u00e0 moins de 15 m (Apis mellifica carnica) de la ruche.\n<\/p>\n<p>\nLa distance varie chez d&rsquo;autres abeilles: 8 m pour A.m. ligustica et 3 m pour A. m. fasciata (l&rsquo;abeille \u00e9gyptienne). La danseuse d\u00e9crit descercles r\u00e9p\u00e9t\u00e9s et fait demi-tour apr\u00e8s 1, 2 ou quelques r\u00e9volutions.\n<\/p>\n<p style=\"text-align: center;\"><img decoding=\"async\" style=\"width: 313px; height: 313px; text-align: center;\" alt=\"\" src=\"https:\/\/www.willapi.biz\/wp-content\/uploads\/pagelesabeilles\/dansenerond.jpg\" \/><\/p>\n<\/p>\n<p><strong>La danse oscillante<\/strong><\/p>\n<p>\nLa danse oscillante, ou danse en huit, est ex\u00e9cut\u00e9e lorsque la source de nourriture est situ\u00e9e \u00e0 plus de 100 m de la ruche. La nourriture inclut le pollen, le nectar, l&rsquo;eau et probablement la propolis. Cette m\u00eame danse est utilis\u00e9e pour signaler un site potentiel pour l&rsquo;essaim. Dans cette danse, la danseuse court droit devant elle sur une courte distance en secouant le corps \u00e0 un rythme de 13 \u00e0 15 fois\/seconde et en bourdonnant. Au terme de la ligne droite, la danseuse effectue un demi-tour qui la ram\u00e8ne \u00e0 son point de d\u00e9part. Elle repart ensuite en ligne droite, puis bifurque pour effectuer un demi-tour de l&rsquo;autre c\u00f4t\u00e9 pour revenir \u00e0 son point de d\u00e9part. Les recrues suivent la danse du bout de leurs antennes.\n<\/p>\n<p style=\"text-align: center;\"><img decoding=\"async\" style=\"width: 313px; height: 313px; text-align: center;\" alt=\"\" src=\"https:\/\/www.willapi.biz\/wp-content\/uploads\/pagelesabeilles\/danseoscillante.jpg\" \/><\/p>\n<p><strong>Les danses de transition<\/strong><\/p>\n<p>Pour les ressources situ\u00e9es entre 15 et 100 m, les abeilles pratiquent des danses de transition. Les figures de danse ainsi d\u00e9crites vont du cercle au huit en passant par un certain nombre de formes interm\u00e9diaires.\n<\/p>\n<p style=\"text-align: center;\"><img decoding=\"async\" style=\"width: 700px; height: 148px; text-align: center;\" alt=\"\" src=\"https:\/\/www.willapi.biz\/wp-content\/uploads\/pagelesabeilles\/dansetransition.jpg\" \/><\/p>\n<p><strong>La danse Vibratoire dorso-ventrale<\/strong><\/p>\n<p>La danse vibratoire dorso-ventrale ou danse des vibrations permet de r\u00e9guler le butinage et l&rsquo;essaimage. La danseuse saisit une autre ouvri\u00e8re ou la reine et fait vibrer son dos et son ventre, en particulier son abdomen. Cette danse attire les butineuses dans la partie de la ruche o\u00f9 s&rsquo;execute la danse oscillante. Le nombre de recrues y augmentent donc et ceci permet de faire d\u00e9marrer les activit\u00e9s de butinage, r\u00e9gulant par l\u00e0 m\u00eame l&rsquo;activit\u00e9 journali\u00e8re et saisonni\u00e8re du butinage .D&rsquo;autre part, en p\u00e9riode d&rsquo;essaimage, la vieille reine est ainsi secou\u00e9e jusqu&rsquo;\u00e0 quelques heures avant l&rsquo;essaimage. Ensuite, apr\u00e8s l&rsquo;essaimage primaire, les ouvri\u00e8res secouent les cellules royales restantes, puis la reine vierge avant sa f\u00e9condation.\n<\/p>\n<p><strong>La danse bousculante<\/strong><\/p>\n<p>Dans la danse bousculante, les butineuses qui ont bien r\u00e9colt\u00e9 rentrent \u00e0 la ruche et bousculent leurs cong\u00e9n\u00e8res. Ceci pour pr\u00e9venir qu&rsquo;une danse va avoir lieu.\n<\/p>\n<p><strong>La danse spasmodique<\/strong><\/p>\n<p>La danse spasmodique comprend la distribution de nourriture entrecoup\u00e9e d&rsquo;oscillations de l&rsquo;abdomen. Comme la danse bousculante, elle annonce une danse plus d\u00e9taill\u00e9e.\n<\/p>\n<p><strong>La danse de nettoyage<\/strong><\/p>\n<p>Une abeille qui sollicite ex\u00e9cute la danse de nettoyage quand elle sollicite des soins de nettoyage. Celle-ci consiste \u00e0 frapper rapidement des pattes et \u00e0 agiter lat\u00e9ralement son corps. Un autre abeille est alors attir\u00e9 et se met \u00e0 nettoyer la danseuse, en particulier \u00e0 la base des ailes et entre l&rsquo;abdomen et le thorax, parties qu&rsquo;une abeille ne peut atteindre elle-m\u00eame.\n<\/p>\n<p><strong>La danse bourdonnante<\/strong><\/p>\n<p>La danse bourdonnante signale la sortie de l&rsquo;essaim ou pour inviter l&rsquo;essaim \u00e0 se poser. Les danseuses font bruisser leurs ailes et courent au milieu de leurs cong\u00e9n\u00e8res.\n<\/p>\n<p><strong>La danse secouante<\/strong><\/p>\n<p>Les ouvri\u00e8res secouent \u00e9nergiquement leurs corps et d&rsquo;autres qui les pansent. Cette danse a plut\u00f4t lieu apr\u00e8s que les abeilles aient \u00e9t\u00e9 d\u00e9rang\u00e9es. La signification de cette danse est inconnue\n<\/p>\n<p><span style=\"text-decoration:underline;\"><strong>Informations transmises au cours des danses de recrutement:<\/strong><\/span><br \/>\n<span class=\"monBR\"><br \/>\n<strong>La distance<\/strong><\/p>\n<p>La danse indique notamment aux \u00e9ventuelles recrues la distance les s\u00e9parant de la source de nourriture mais plut\u00f4t qu&rsquo;une longueur, c&rsquo;est la quantit\u00e9 d&rsquo;\u00e9nergie n\u00e9cessaire pour rejoindre la nourriture qui est exprim\u00e9e par:\n<\/p>\n<div class=\"pad20\">\n<ul id=\"imglist\">\n<li><span>la longueur de la ligne droite (en nombre de cellules de rayons)<\/span><\/li>\n<li><span>la dur\u00e9e de l&rsquo;oscillation et du bourdonnement<\/span><\/li>\n<li><span>la vitesse de parcours du circuit<\/span><\/li>\n<\/ul>\n<\/div>\n<p>\n<strong>La qualit\u00e9 de la nourriture<\/strong><\/p>\n<p>Cette qualit\u00e9 s&rsquo;exprime au travers:<\/p>\n<\/p>\n<div class=\"pad20\">\n<ul id=\"imglist\">\n<li><span>des d\u00e9placements lat\u00e9raux des oscillations<\/span><\/li>\n<li><span>le nombre total de cercles<\/span><\/li>\n<li><span>l&rsquo;intensit\u00e9 du bourdonnement<\/span><\/li>\n<\/ul>\n<\/div>\n<p>\nToutes ces quantit\u00e9s augmentent en proportion de la qualit\u00e9 de la nourriture.\n<\/p>\n<p><strong>La direction<\/strong> <\/p>\n<p>La danse s&rsquo;effectue normalement \u00e0 l&rsquo;int\u00e9rieur de la ruche, sur la surface verticale des rayons. La direction horizontale doit donc \u00eatre report\u00e9e dans un plan vertical. Le point de rep\u00e8re utilis\u00e9 est le soleil.\n<\/p>\n<div class=\"pad20\">\n<ul id=\"imglist\">\n<li><span>Si la nourriture se trouve exactement en direction du soleil, la partie de la danse en ligne droite s&rsquo;effectuera \u00e0 la verticale parfaite, de bas en haut<\/span><\/li>\n<li><span>Si, au contraire, la nourriture se trouve exactement \u00e0 l&rsquo;oppos\u00e9 du soleil, la partie de la danse en ligne droite s&rsquo;effectuera \u00e0 la verticale parfaite, de haut en bas<\/span><\/li>\n<li><span>Si la nourriture se trouve \u00e0 80\u00b0 \u00e0 gauche du soleil, devant la ruche, la partie de la danse en ligne droite sera inclin\u00e9e de 80\u00b0 vers la gauche et de bas en haut<\/span><\/li>\n<\/ul>\n<\/div>\n<p>Les abeilles sont capables d&rsquo;effectuer des corrections au cours de leur navigation vers les sources de nourriture, car:\n<\/p>\n<div class=\"pad20\">\n<ul id=\"imglist\">\n<li><span>le soleil se d\u00e9place et peut-\u00eatre cach\u00e9 par les nuages<\/span><\/li>\n<li><span>un vent peut souffler et venir perturber le vol de l&rsquo;abeille<\/span><\/li>\n<\/ul>\n<\/div>\n<p>\nL&rsquo;erreur moyenne d&rsquo;angle se situe entre 9 et 12\u00b0. L&rsquo;erreur est plus faible chez les butineuses plus \u00e2g\u00e9es. En outre, l&rsquo;erreur est partiellement compens\u00e9e par le fait que les recrues assistent \u00e0 plusieurs danses et en font la moyenne.\n<\/p>\n<p>\n<a href=\"https:\/\/www.willapi.biz\/?p=1076\">Retour<\/a><\/p>\n","protected":false},"excerpt":{"rendered":"<p>Les abeilles communiquent entre elles. Cela se remarque en particulier lors des p\u00e9riodes de disettes-quand les abeilles ne trouvent pas de nectar- il suffit qu&rsquo;un peu de miel soit mis \u00e0 la<\/p>\n<a class=\"moretag noptoppad\" href=\"https:\/\/www.willapi.biz\/?page_id=1080\">Read More...<\/a>","protected":false},"author":1,"featured_media":0,"parent":0,"menu_order":0,"comment_status":"closed","ping_status":"closed","template":"","meta":{"footnotes":""},"class_list":["post-1080","page","type-page","status-publish","hentry"],"_links":{"self":[{"href":"https:\/\/www.willapi.biz\/index.php?rest_route=\/wp\/v2\/pages\/1080","targetHints":{"allow":["GET"]}}],"collection":[{"href":"https:\/\/www.willapi.biz\/index.php?rest_route=\/wp\/v2\/pages"}],"about":[{"href":"https:\/\/www.willapi.biz\/index.php?rest_route=\/wp\/v2\/types\/page"}],"author":[{"embeddable":true,"href":"https:\/\/www.willapi.biz\/index.php?rest_route=\/wp\/v2\/users\/1"}],"replies":[{"embeddable":true,"href":"https:\/\/www.willapi.biz\/index.php?rest_route=%2Fwp%2Fv2%2Fcomments&post=1080"}],"version-history":[{"count":8,"href":"https:\/\/www.willapi.biz\/index.php?rest_route=\/wp\/v2\/pages\/1080\/revisions"}],"predecessor-version":[{"id":3565,"href":"https:\/\/www.willapi.biz\/index.php?rest_route=\/wp\/v2\/pages\/1080\/revisions\/3565"}],"wp:attachment":[{"href":"https:\/\/www.willapi.biz\/index.php?rest_route=%2Fwp%2Fv2%2Fmedia&parent=1080"}],"curies":[{"name":"wp","href":"https:\/\/api.w.org\/{rel}","templated":true}]}}