
{"id":1072,"date":"2016-04-17T09:24:56","date_gmt":"2016-04-17T09:24:56","guid":{"rendered":"http:\/\/www.willapi.biz\/?page_id=1072"},"modified":"2020-12-21T18:45:17","modified_gmt":"2020-12-21T18:45:17","slug":"anatomie1","status":"publish","type":"page","link":"https:\/\/www.willapi.biz\/?page_id=1072","title":{"rendered":"Anatomie"},"content":{"rendered":"<p>L&rsquo;abeille porte sur sa t\u00eate :<\/p>\n<div class=\"pad20\">\n<ul id=\"imglist\">\n<li>Des yeux lat\u00e9raux compos\u00e9s (4 000 facettes)<\/li>\n<li>Trois yeux simples ou ocelles mesurant l&rsquo;intensit\u00e9 lumineuse<\/li>\n<li>Deux antennes comportant douze articles munis de nombreux poils, assurant la d\u00e9tection des odeurs, des saveurs, des vibrations dont les sons, de la temp\u00e9rature, de l\u2019humidit\u00e9<\/li>\n<li>Un appareil buccal (le proboscis) muni d&rsquo;une langue \u00e0 la fois l\u00e9cheur et suceur<\/li>\n<\/ul>\n<\/div>\n<p style=\"text-align: center;\"><img decoding=\"async\" src=\"https:\/\/www.willapi.biz\/wp-content\/uploads\/pageanatomie\/anatomie.jpg\" alt=\"\" width=\"40%\" height=\"40%\"><\/p>\n<p>Le thorax est compos\u00e9 de trois anneaux, avec une paire de pattes sur chacun.<\/p>\n<p>Les pattes de l\u2019abeille sont munies de deux crochets et d\u2019un organe adh\u00e9sif leur permettant une bonne prise.<\/p>\n<p>Une sorte de peigne, compos\u00e9 de poils rigides sur ses deux pattes avant, sert \u00e0 l&rsquo;abeille pour nettoyer ses antennes.<\/p>\n<p>Les pattes post\u00e9rieures sont adapt\u00e9es \u00e0 la r\u00e9colte (brosse et peigne) et au transport (corbeille) du pollen.<\/p>\n<p>Sur le thorax sont attach\u00e9es deux paires d&rsquo;ailes membraneuses \u00e0 nervures.<\/p>\n<p>Lors du vol les ailes post\u00e9rieures, plus petites, sont reli\u00e9es aux ant\u00e9rieures par une vingtaine de crochets chitineux afin de les rendre solidaires.Trois paires d&rsquo;orifices (les stigmates) sont un acc\u00e8s au syst\u00e8me respiratoire.<\/p>\n<p>L&rsquo;abdomen est form\u00e9 de sept segments dont six sont apparents et compos\u00e9s de plaques rigides, une dorsale et une ventrale reli\u00e9es lat\u00e9ralement par une fine lame chitineuse souple. Une lame du m\u00eame type relie les segments successifs.<\/p>\n<p>Sept paires de stigmates compl\u00e8tent ceux du thorax pour la respiration.<\/p>\n<p>Les segments 3 \u00e0 6 sont munis, sous leurs plaques ventrales, des glandes ciri\u00e8res.<\/p>\n<p>L&rsquo;abeille femelle poss\u00e8de \u00e0 l&rsquo;extr\u00e9mit\u00e9 de l&rsquo;abdomen un aiguillon venimeux (pour les ouvri\u00e8res) reli\u00e9 \u00e0 un sac \u00e0 venin contenant de l&rsquo;ordre de 0,3mg de venin.<\/p>\n<div style=\"margin-top:80px\">\n<div class=\"zoom1\">\n<div class=\"image1\">\n<p align=\"center\"><img decoding=\"async\" src=\"https:\/\/localhost\/wordpresswillapi\/wp-content\/uploads\/pagelesabeilles\/anatomie.jpg\" alt=\"\"><\/p>\n<\/div>\n<\/div>\n<\/div>\n","protected":false},"excerpt":{"rendered":"<p>L&rsquo;abeille porte sur sa t\u00eate : Des yeux lat\u00e9raux compos\u00e9s (4 000 facettes) Trois yeux simples ou ocelles mesurant l&rsquo;intensit\u00e9 lumineuse Deux antennes comportant douze articles munis de nombreux poils, assurant la<\/p>\n<a class=\"moretag noptoppad\" href=\"https:\/\/www.willapi.biz\/?page_id=1072\">Read More...<\/a>","protected":false},"author":1,"featured_media":0,"parent":0,"menu_order":0,"comment_status":"closed","ping_status":"closed","template":"","meta":{"footnotes":""},"class_list":["post-1072","page","type-page","status-publish","hentry"],"_links":{"self":[{"href":"https:\/\/www.willapi.biz\/index.php?rest_route=\/wp\/v2\/pages\/1072","targetHints":{"allow":["GET"]}}],"collection":[{"href":"https:\/\/www.willapi.biz\/index.php?rest_route=\/wp\/v2\/pages"}],"about":[{"href":"https:\/\/www.willapi.biz\/index.php?rest_route=\/wp\/v2\/types\/page"}],"author":[{"embeddable":true,"href":"https:\/\/www.willapi.biz\/index.php?rest_route=\/wp\/v2\/users\/1"}],"replies":[{"embeddable":true,"href":"https:\/\/www.willapi.biz\/index.php?rest_route=%2Fwp%2Fv2%2Fcomments&post=1072"}],"version-history":[{"count":7,"href":"https:\/\/www.willapi.biz\/index.php?rest_route=\/wp\/v2\/pages\/1072\/revisions"}],"predecessor-version":[{"id":3478,"href":"https:\/\/www.willapi.biz\/index.php?rest_route=\/wp\/v2\/pages\/1072\/revisions\/3478"}],"wp:attachment":[{"href":"https:\/\/www.willapi.biz\/index.php?rest_route=%2Fwp%2Fv2%2Fmedia&parent=1072"}],"curies":[{"name":"wp","href":"https:\/\/api.w.org\/{rel}","templated":true}]}}